{"id":11934,"date":"2024-09-16T12:55:20","date_gmt":"2024-09-16T10:55:20","guid":{"rendered":"https:\/\/www.euronaval.fr\/speaker-officiel\/"},"modified":"2024-10-14T18:57:08","modified_gmt":"2024-10-14T16:57:08","slug":"speaker-officiel","status":"publish","type":"page","link":"https:\/\/www.euronaval.com\/fr\/speaker-officiel\/","title":{"rendered":"Speaker officiel"},"content":{"rendered":"\t\t<div data-elementor-type=\"wp-page\" data-elementor-id=\"11934\" class=\"elementor elementor-11934 elementor-10892\" data-elementor-post-type=\"page\">\n\t\t\t\t<div class=\"elementor-element elementor-element-d855843 e-flex e-con-boxed e-con e-parent\" data-id=\"d855843\" data-element_type=\"container\" data-e-type=\"container\">\n\t\t\t\t\t<div class=\"e-con-inner\">\n\t\t\t\t<div class=\"elementor-element elementor-element-8569dfb elementor-widget elementor-widget-text-editor\" data-id=\"8569dfb\" data-element_type=\"widget\" data-e-type=\"widget\" data-widget_type=\"text-editor.default\">\n\t\t\t\t\t\t\t\t\t<p><span lang=\"X-NONE\">En tant qu&rsquo;intervenant \u00e0 <b>Euronaval 2024<\/b>, obtenez en quelques minutes votre banni\u00e8re personnalis\u00e9e \u00ab\u00a0Speaker officiel\u00a0\u00bb \u00e0 utiliser dans vos posts sur les r\u00e9seaux sociaux ou comme signature de votre email professionnel.<\/span><\/p>\n\t\t\t\t\t\t\t\t<\/div>\n\t\t\t\t<div class=\"elementor-element elementor-element-aa1e474 elementor-widget elementor-widget-image\" data-id=\"aa1e474\" data-element_type=\"widget\" data-e-type=\"widget\" data-widget_type=\"image.default\">\n\t\t\t\t\t\t\t\t\t\t\t\t\t\t\t<img fetchpriority=\"high\" decoding=\"async\" width=\"552\" height=\"288\" src=\"https:\/\/www.euronaval.com\/wp-content\/uploads\/2024\/09\/post-euronaval.jpg\" class=\"attachment-large size-large wp-image-10895\" alt=\"official speaker\" srcset=\"https:\/\/www.euronaval.com\/wp-content\/uploads\/2024\/09\/post-euronaval.jpg 552w, https:\/\/www.euronaval.com\/wp-content\/uploads\/2024\/09\/post-euronaval-300x157.jpg 300w\" sizes=\"(max-width: 552px) 100vw, 552px\" \/>\t\t\t\t\t\t\t\t\t\t\t\t\t\t\t<\/div>\n\t\t\t\t<div class=\"elementor-element elementor-element-fc46847 elementor-widget elementor-widget-text-editor\" data-id=\"fc46847\" data-element_type=\"widget\" data-e-type=\"widget\" data-widget_type=\"text-editor.default\">\n\t\t\t\t\t\t\t\t\t<p>Exemple<\/p>\n\t\t\t\t\t\t\t\t<\/div>\n\t\t\t\t<div class=\"elementor-element elementor-element-4bf0cba elementor-widget elementor-widget-heading\" data-id=\"4bf0cba\" data-element_type=\"widget\" data-e-type=\"widget\" data-widget_type=\"heading.default\">\n\t\t\t\t\t<h2 class=\"elementor-heading-title elementor-size-default\">Voici comment obtenir le v\u00f4tre.<\/h2>\t\t\t\t<\/div>\n\t\t\t\t<div class=\"elementor-element elementor-element-838a6a5 elementor-widget elementor-widget-text-editor\" data-id=\"838a6a5\" data-element_type=\"widget\" data-e-type=\"widget\" data-widget_type=\"text-editor.default\">\n\t\t\t\t\t\t\t\t\t<p><strong>#1- Remplissez les informations suivantes<\/strong><br \/>Envoyez nous \u00e0<strong> speaker-env24@dune-i.com<\/strong> les informations suivantes :<\/p>\n<ul>\n<li>Un selfie (en pi\u00e8ce jointe)<\/li>\n<li>Nom complet et fonction<\/li>\n<li>Nom de l&rsquo;entreprise<\/li>\n<li>Titre de votre session<\/li>\n<li>Date et heure<\/li>\n<\/ul>\n<p>Vous pouvez \u00e9galement scanner ce QR code pour obtenir l&#8217;email d\u00e9j\u00e0 r\u00e9dig\u00e9<\/p>\n\t\t\t\t\t\t\t\t<\/div>\n\t\t\t\t<div class=\"elementor-element elementor-element-7eb7d82 elementor-widget elementor-widget-image\" data-id=\"7eb7d82\" data-element_type=\"widget\" data-e-type=\"widget\" data-widget_type=\"image.default\">\n\t\t\t\t\t\t\t\t\t\t\t\t\t\t\t<img decoding=\"async\" width=\"500\" height=\"500\" src=\"https:\/\/www.euronaval.com\/wp-content\/uploads\/2024\/10\/FR-3.png\" class=\"attachment-large size-large wp-image-11927\" alt=\"\" srcset=\"https:\/\/www.euronaval.com\/wp-content\/uploads\/2024\/10\/FR-3.png 500w, https:\/\/www.euronaval.com\/wp-content\/uploads\/2024\/10\/FR-3-300x300.png 300w, https:\/\/www.euronaval.com\/wp-content\/uploads\/2024\/10\/FR-3-150x150.png 150w\" sizes=\"(max-width: 500px) 100vw, 500px\" \/>\t\t\t\t\t\t\t\t\t\t\t\t\t\t\t<\/div>\n\t\t\t\t<div class=\"elementor-element elementor-element-ac04012 elementor-widget elementor-widget-text-editor\" data-id=\"ac04012\" data-element_type=\"widget\" data-e-type=\"widget\" data-widget_type=\"text-editor.default\">\n\t\t\t\t\t\t\t\t\t<p><strong>#2 &#8211; Recevez votre banni\u00e8re en 2 minutes<\/strong> <br \/>Nous vous renverrons par email votre <strong>banni\u00e8re personnalis\u00e9e \u00ab\u00a0Speaker Officiel\u00a0\u00bb<\/strong>\u2014con\u00e7ue pour attirer l&rsquo;attention et susciter l&rsquo;enthousiasme !<\/p>\n<\/p>\n<p><strong>#3 &#8211; Partagez en un clic<\/strong><br \/>D&rsquo;un simple clic, votre banni\u00e8re sera pr\u00eate \u00e0 \u00eatre partag\u00e9e, vous aidant \u00e0 promouvoir votre session instantan\u00e9ment.<\/p>\n\t\t\t\t\t\t\t\t<\/div>\n\t\t\t\t<div class=\"elementor-element elementor-element-0a0893b elementor-widget elementor-widget-heading\" data-id=\"0a0893b\" data-element_type=\"widget\" data-e-type=\"widget\" data-widget_type=\"heading.default\">\n\t\t\t\t\t<h3 class=\"elementor-heading-title elementor-size-default\">Ne manquez pas l'occasion de cr\u00e9er le buzz et d'augmenter la participation\u2014demandez votre banni\u00e8re d\u00e8s aujourd'hui et faites de votre session le moment fort d'Euronaval 2024 !<\/h3>\t\t\t\t<\/div>\n\t\t\t\t\t<\/div>\n\t\t\t\t<\/div>\n\t\t\t\t<\/div>\n\t\t","protected":false},"excerpt":{"rendered":"<p>En tant qu&rsquo;intervenant \u00e0 Euronaval 2024, obtenez en quelques minutes votre banni\u00e8re personnalis\u00e9e \u00ab\u00a0Speaker officiel\u00a0\u00bb \u00e0 utiliser dans vos posts sur les r\u00e9seaux sociaux ou comme signature de votre email professionnel. Exemple Voici comment obtenir le v\u00f4tre. #1- Remplissez les informations suivantesEnvoyez nous \u00e0 speaker-env24@dune-i.com les informations suivantes : Un selfie (en pi\u00e8ce jointe) Nom [&hellip;]<\/p>\n","protected":false},"author":1,"featured_media":0,"parent":0,"menu_order":0,"comment_status":"closed","ping_status":"closed","template":"","meta":{"_acf_changed":false,"footnotes":"","_links_to":"","_links_to_target":""},"class_list":["post-11934","page","type-page","status-publish","hentry"],"acf":[],"yoast_head":"<!-- This site is optimized with the Yoast SEO plugin v27.4 - https:\/\/yoast.com\/product\/yoast-seo-wordpress\/ -->\n<title>Speaker officiel - Euronaval<\/title>\n<meta name=\"robots\" content=\"index, follow, max-snippet:-1, max-image-preview:large, max-video-preview:-1\" \/>\n<link rel=\"canonical\" href=\"https:\/\/www.euronaval.com\/fr\/speaker-officiel\/\" \/>\n<meta property=\"og:locale\" content=\"fr_FR\" \/>\n<meta property=\"og:type\" content=\"article\" \/>\n<meta property=\"og:title\" content=\"Speaker officiel - Euronaval\" \/>\n<meta property=\"og:description\" content=\"En tant qu&rsquo;intervenant \u00e0 Euronaval 2024, obtenez en quelques minutes votre banni\u00e8re personnalis\u00e9e \u00ab\u00a0Speaker officiel\u00a0\u00bb \u00e0 utiliser dans vos posts sur les r\u00e9seaux sociaux ou comme signature de votre email professionnel. Exemple Voici comment obtenir le v\u00f4tre. #1- Remplissez les informations suivantesEnvoyez nous \u00e0 speaker-env24@dune-i.com les informations suivantes : Un selfie (en pi\u00e8ce jointe) Nom [&hellip;]\" \/>\n<meta property=\"og:url\" content=\"https:\/\/www.euronaval.com\/fr\/speaker-officiel\/\" \/>\n<meta property=\"og:site_name\" content=\"Euronaval\" \/>\n<meta property=\"article:publisher\" content=\"https:\/\/www.facebook.com\/people\/Euronaval\/100063477820109\/\" \/>\n<meta property=\"article:modified_time\" content=\"2024-10-14T16:57:08+00:00\" \/>\n<meta property=\"og:image\" content=\"https:\/\/www.euronaval.fr\/wp-content\/uploads\/2024\/09\/post-euronaval.jpg\" \/>\n<meta name=\"twitter:card\" content=\"summary_large_image\" \/>\n<meta name=\"twitter:site\" content=\"@SalonEuronaval\" \/>\n<meta name=\"twitter:label1\" content=\"Dur\u00e9e de lecture estim\u00e9e\" \/>\n\t<meta name=\"twitter:data1\" content=\"1 minute\" \/>\n<script type=\"application\/ld+json\" class=\"yoast-schema-graph\">{\"@context\":\"https:\\\/\\\/schema.org\",\"@graph\":[{\"@type\":\"WebPage\",\"@id\":\"https:\\\/\\\/www.euronaval.com\\\/fr\\\/speaker-officiel\\\/\",\"url\":\"https:\\\/\\\/www.euronaval.com\\\/fr\\\/speaker-officiel\\\/\",\"name\":\"Speaker officiel - Euronaval\",\"isPartOf\":{\"@id\":\"https:\\\/\\\/www.euronaval.com\\\/fr\\\/#website\"},\"primaryImageOfPage\":{\"@id\":\"https:\\\/\\\/www.euronaval.com\\\/fr\\\/speaker-officiel\\\/#primaryimage\"},\"image\":{\"@id\":\"https:\\\/\\\/www.euronaval.com\\\/fr\\\/speaker-officiel\\\/#primaryimage\"},\"thumbnailUrl\":\"https:\\\/\\\/www.euronaval.fr\\\/wp-content\\\/uploads\\\/2024\\\/09\\\/post-euronaval.jpg\",\"datePublished\":\"2024-09-16T10:55:20+00:00\",\"dateModified\":\"2024-10-14T16:57:08+00:00\",\"breadcrumb\":{\"@id\":\"https:\\\/\\\/www.euronaval.com\\\/fr\\\/speaker-officiel\\\/#breadcrumb\"},\"inLanguage\":\"fr-FR\",\"potentialAction\":[{\"@type\":\"ReadAction\",\"target\":[\"https:\\\/\\\/www.euronaval.com\\\/fr\\\/speaker-officiel\\\/\"]}]},{\"@type\":\"ImageObject\",\"inLanguage\":\"fr-FR\",\"@id\":\"https:\\\/\\\/www.euronaval.com\\\/fr\\\/speaker-officiel\\\/#primaryimage\",\"url\":\"https:\\\/\\\/www.euronaval.fr\\\/wp-content\\\/uploads\\\/2024\\\/09\\\/post-euronaval.jpg\",\"contentUrl\":\"https:\\\/\\\/www.euronaval.fr\\\/wp-content\\\/uploads\\\/2024\\\/09\\\/post-euronaval.jpg\"},{\"@type\":\"BreadcrumbList\",\"@id\":\"https:\\\/\\\/www.euronaval.com\\\/fr\\\/speaker-officiel\\\/#breadcrumb\",\"itemListElement\":[{\"@type\":\"ListItem\",\"position\":1,\"name\":\"Accueil\",\"item\":\"https:\\\/\\\/www.euronaval.com\\\/fr\\\/\"},{\"@type\":\"ListItem\",\"position\":2,\"name\":\"Speaker officiel\"}]},{\"@type\":\"WebSite\",\"@id\":\"https:\\\/\\\/www.euronaval.com\\\/fr\\\/#website\",\"url\":\"https:\\\/\\\/www.euronaval.com\\\/fr\\\/\",\"name\":\"Euronaval\",\"description\":\"The World Naval Defense Exhibition\",\"publisher\":{\"@id\":\"https:\\\/\\\/www.euronaval.com\\\/fr\\\/#organization\"},\"potentialAction\":[{\"@type\":\"SearchAction\",\"target\":{\"@type\":\"EntryPoint\",\"urlTemplate\":\"https:\\\/\\\/www.euronaval.com\\\/fr\\\/?s={search_term_string}\"},\"query-input\":{\"@type\":\"PropertyValueSpecification\",\"valueRequired\":true,\"valueName\":\"search_term_string\"}}],\"inLanguage\":\"fr-FR\"},{\"@type\":\"Organization\",\"@id\":\"https:\\\/\\\/www.euronaval.com\\\/fr\\\/#organization\",\"name\":\"Euronaval\",\"url\":\"https:\\\/\\\/www.euronaval.com\\\/fr\\\/\",\"logo\":{\"@type\":\"ImageObject\",\"inLanguage\":\"fr-FR\",\"@id\":\"https:\\\/\\\/www.euronaval.com\\\/fr\\\/#\\\/schema\\\/logo\\\/image\\\/\",\"url\":\"https:\\\/\\\/www.euronaval.com\\\/wp-content\\\/uploads\\\/2023\\\/06\\\/cropped-logo-euronaval-1.png\",\"contentUrl\":\"https:\\\/\\\/www.euronaval.com\\\/wp-content\\\/uploads\\\/2023\\\/06\\\/cropped-logo-euronaval-1.png\",\"width\":307,\"height\":29,\"caption\":\"Euronaval\"},\"image\":{\"@id\":\"https:\\\/\\\/www.euronaval.com\\\/fr\\\/#\\\/schema\\\/logo\\\/image\\\/\"},\"sameAs\":[\"https:\\\/\\\/www.facebook.com\\\/people\\\/Euronaval\\\/100063477820109\\\/\",\"https:\\\/\\\/x.com\\\/SalonEuronaval\",\"https:\\\/\\\/www.linkedin.com\\\/company\\\/euronaval\\\/\",\"https:\\\/\\\/www.youtube.com\\\/@euronaval8981\"]}]}<\/script>\n<!-- \/ Yoast SEO plugin. -->","yoast_head_json":{"title":"Speaker officiel - Euronaval","robots":{"index":"index","follow":"follow","max-snippet":"max-snippet:-1","max-image-preview":"max-image-preview:large","max-video-preview":"max-video-preview:-1"},"canonical":"https:\/\/www.euronaval.com\/fr\/speaker-officiel\/","og_locale":"fr_FR","og_type":"article","og_title":"Speaker officiel - Euronaval","og_description":"En tant qu&rsquo;intervenant \u00e0 Euronaval 2024, obtenez en quelques minutes votre banni\u00e8re personnalis\u00e9e \u00ab\u00a0Speaker officiel\u00a0\u00bb \u00e0 utiliser dans vos posts sur les r\u00e9seaux sociaux ou comme signature de votre email professionnel. Exemple Voici comment obtenir le v\u00f4tre. #1- Remplissez les informations suivantesEnvoyez nous \u00e0 speaker-env24@dune-i.com les informations suivantes : Un selfie (en pi\u00e8ce jointe) Nom [&hellip;]","og_url":"https:\/\/www.euronaval.com\/fr\/speaker-officiel\/","og_site_name":"Euronaval","article_publisher":"https:\/\/www.facebook.com\/people\/Euronaval\/100063477820109\/","article_modified_time":"2024-10-14T16:57:08+00:00","og_image":[{"url":"https:\/\/www.euronaval.fr\/wp-content\/uploads\/2024\/09\/post-euronaval.jpg","type":"","width":"","height":""}],"twitter_card":"summary_large_image","twitter_site":"@SalonEuronaval","twitter_misc":{"Dur\u00e9e de lecture estim\u00e9e":"1 minute"},"schema":{"@context":"https:\/\/schema.org","@graph":[{"@type":"WebPage","@id":"https:\/\/www.euronaval.com\/fr\/speaker-officiel\/","url":"https:\/\/www.euronaval.com\/fr\/speaker-officiel\/","name":"Speaker officiel - Euronaval","isPartOf":{"@id":"https:\/\/www.euronaval.com\/fr\/#website"},"primaryImageOfPage":{"@id":"https:\/\/www.euronaval.com\/fr\/speaker-officiel\/#primaryimage"},"image":{"@id":"https:\/\/www.euronaval.com\/fr\/speaker-officiel\/#primaryimage"},"thumbnailUrl":"https:\/\/www.euronaval.fr\/wp-content\/uploads\/2024\/09\/post-euronaval.jpg","datePublished":"2024-09-16T10:55:20+00:00","dateModified":"2024-10-14T16:57:08+00:00","breadcrumb":{"@id":"https:\/\/www.euronaval.com\/fr\/speaker-officiel\/#breadcrumb"},"inLanguage":"fr-FR","potentialAction":[{"@type":"ReadAction","target":["https:\/\/www.euronaval.com\/fr\/speaker-officiel\/"]}]},{"@type":"ImageObject","inLanguage":"fr-FR","@id":"https:\/\/www.euronaval.com\/fr\/speaker-officiel\/#primaryimage","url":"https:\/\/www.euronaval.fr\/wp-content\/uploads\/2024\/09\/post-euronaval.jpg","contentUrl":"https:\/\/www.euronaval.fr\/wp-content\/uploads\/2024\/09\/post-euronaval.jpg"},{"@type":"BreadcrumbList","@id":"https:\/\/www.euronaval.com\/fr\/speaker-officiel\/#breadcrumb","itemListElement":[{"@type":"ListItem","position":1,"name":"Accueil","item":"https:\/\/www.euronaval.com\/fr\/"},{"@type":"ListItem","position":2,"name":"Speaker officiel"}]},{"@type":"WebSite","@id":"https:\/\/www.euronaval.com\/fr\/#website","url":"https:\/\/www.euronaval.com\/fr\/","name":"Euronaval","description":"The World Naval Defense Exhibition","publisher":{"@id":"https:\/\/www.euronaval.com\/fr\/#organization"},"potentialAction":[{"@type":"SearchAction","target":{"@type":"EntryPoint","urlTemplate":"https:\/\/www.euronaval.com\/fr\/?s={search_term_string}"},"query-input":{"@type":"PropertyValueSpecification","valueRequired":true,"valueName":"search_term_string"}}],"inLanguage":"fr-FR"},{"@type":"Organization","@id":"https:\/\/www.euronaval.com\/fr\/#organization","name":"Euronaval","url":"https:\/\/www.euronaval.com\/fr\/","logo":{"@type":"ImageObject","inLanguage":"fr-FR","@id":"https:\/\/www.euronaval.com\/fr\/#\/schema\/logo\/image\/","url":"https:\/\/www.euronaval.com\/wp-content\/uploads\/2023\/06\/cropped-logo-euronaval-1.png","contentUrl":"https:\/\/www.euronaval.com\/wp-content\/uploads\/2023\/06\/cropped-logo-euronaval-1.png","width":307,"height":29,"caption":"Euronaval"},"image":{"@id":"https:\/\/www.euronaval.com\/fr\/#\/schema\/logo\/image\/"},"sameAs":["https:\/\/www.facebook.com\/people\/Euronaval\/100063477820109\/","https:\/\/x.com\/SalonEuronaval","https:\/\/www.linkedin.com\/company\/euronaval\/","https:\/\/www.youtube.com\/@euronaval8981"]}]}},"_links":{"self":[{"href":"https:\/\/www.euronaval.com\/fr\/wp-json\/wp\/v2\/pages\/11934","targetHints":{"allow":["GET"]}}],"collection":[{"href":"https:\/\/www.euronaval.com\/fr\/wp-json\/wp\/v2\/pages"}],"about":[{"href":"https:\/\/www.euronaval.com\/fr\/wp-json\/wp\/v2\/types\/page"}],"author":[{"embeddable":true,"href":"https:\/\/www.euronaval.com\/fr\/wp-json\/wp\/v2\/users\/1"}],"replies":[{"embeddable":true,"href":"https:\/\/www.euronaval.com\/fr\/wp-json\/wp\/v2\/comments?post=11934"}],"version-history":[{"count":1,"href":"https:\/\/www.euronaval.com\/fr\/wp-json\/wp\/v2\/pages\/11934\/revisions"}],"predecessor-version":[{"id":11935,"href":"https:\/\/www.euronaval.com\/fr\/wp-json\/wp\/v2\/pages\/11934\/revisions\/11935"}],"wp:attachment":[{"href":"https:\/\/www.euronaval.com\/fr\/wp-json\/wp\/v2\/media?parent=11934"}],"curies":[{"name":"wp","href":"https:\/\/api.w.org\/{rel}","templated":true}]}}