{"id":17894,"date":"2025-07-29T13:44:33","date_gmt":"2025-07-29T11:44:33","guid":{"rendered":"https:\/\/www.euronaval.com\/euronaval-conference-bruxelles\/"},"modified":"2026-03-10T17:08:05","modified_gmt":"2026-03-10T16:08:05","slug":"euronaval-conference-bruxelles","status":"publish","type":"page","link":"https:\/\/www.euronaval.com\/fr\/euronaval-conference-bruxelles\/","title":{"rendered":"EURONAVAL Conference &#8211; Bruxelles"},"content":{"rendered":"\t\t<div data-elementor-type=\"wp-page\" data-elementor-id=\"17894\" class=\"elementor elementor-17894 elementor-15907\" data-elementor-post-type=\"page\">\n\t\t\t\t<div class=\"elementor-element elementor-element-4bdee07 e-con-full e-flex e-con e-parent\" data-id=\"4bdee07\" data-element_type=\"container\" data-e-type=\"container\" data-settings=\"{&quot;background_background&quot;:&quot;classic&quot;}\">\n\t\t<div class=\"elementor-element elementor-element-90dd96b e-flex e-con-boxed e-con e-child\" data-id=\"90dd96b\" data-element_type=\"container\" data-e-type=\"container\">\n\t\t\t\t\t<div class=\"e-con-inner\">\n\t\t<div class=\"elementor-element elementor-element-bac7511 e-con-full e-flex e-con e-child\" data-id=\"bac7511\" data-element_type=\"container\" data-e-type=\"container\">\n\t\t\t\t<div class=\"elementor-element elementor-element-3a1e7b9 elementor-widget__width-initial elementor-invisible elementor-widget elementor-widget-heading\" data-id=\"3a1e7b9\" data-element_type=\"widget\" data-e-type=\"widget\" data-settings=\"{&quot;_animation&quot;:&quot;fadeIn&quot;}\" data-widget_type=\"heading.default\">\n\t\t\t\t\t<h1 class=\"elementor-heading-title elementor-size-default\">Conf\u00e9rence EURONAVAL 2026<\/h1>\t\t\t\t<\/div>\n\t\t<div class=\"elementor-element elementor-element-ed6f038 e-con-full e-flex e-con e-child\" data-id=\"ed6f038\" data-element_type=\"container\" data-e-type=\"container\">\n\t\t\t\t<div class=\"elementor-element elementor-element-06416c8 elementor-widget__width-initial elementor-invisible elementor-widget elementor-widget-heading\" data-id=\"06416c8\" data-element_type=\"widget\" data-e-type=\"widget\" data-settings=\"{&quot;_animation&quot;:&quot;fadeIn&quot;}\" data-widget_type=\"heading.default\">\n\t\t\t\t\t<h1 class=\"elementor-heading-title elementor-size-default\">Maritime Superiority : The Quantum and Artificial Intelligence Shift<\/h1>\t\t\t\t<\/div>\n\t\t<div class=\"elementor-element elementor-element-bae2020 e-con-full elementor-hidden-tablet elementor-hidden-mobile elementor-hidden-desktop e-flex e-con e-child\" data-id=\"bae2020\" data-element_type=\"container\" data-e-type=\"container\">\n\t\t\t\t<div class=\"elementor-element elementor-element-b504b0f elementor-widget elementor-widget-text-editor\" data-id=\"b504b0f\" data-element_type=\"widget\" data-e-type=\"widget\" data-widget_type=\"text-editor.default\">\n\t\t\t\t\t\t\t\t\t<p>En coop\u00e9ration avec <\/p>\t\t\t\t\t\t\t\t<\/div>\n\t\t\t\t<div class=\"elementor-element elementor-element-0352fe5 elementor-widget elementor-widget-image\" data-id=\"0352fe5\" data-element_type=\"widget\" data-e-type=\"widget\" data-widget_type=\"image.default\">\n\t\t\t\t\t\t\t\t\t\t\t\t\t\t\t<img decoding=\"async\" width=\"200\" height=\"100\" src=\"https:\/\/www.euronaval.com\/wp-content\/uploads\/2025\/09\/nato-logo.png\" class=\"attachment-large size-large wp-image-16090\" alt=\"nato-logo\" \/>\t\t\t\t\t\t\t\t\t\t\t\t\t\t\t<\/div>\n\t\t\t\t<\/div>\n\t\t\t\t<\/div>\n\t\t\t\t<div class=\"elementor-element elementor-element-89e7cad elementor-widget__width-initial elementor-invisible elementor-widget elementor-widget-heading\" data-id=\"89e7cad\" data-element_type=\"widget\" data-e-type=\"widget\" data-settings=\"{&quot;_animation&quot;:&quot;fadeIn&quot;}\" data-widget_type=\"heading.default\">\n\t\t\t\t\t<h1 class=\"elementor-heading-title elementor-size-default\">How quantum and AI redefine technologies and maritime operations \u2014 above, on and below the surface<\/h1>\t\t\t\t<\/div>\n\t\t<div class=\"elementor-element elementor-element-3cc178a e-con-full e-flex e-con e-child\" data-id=\"3cc178a\" data-element_type=\"container\" data-e-type=\"container\">\n\t\t\t\t<div class=\"elementor-element elementor-element-8c95ee0 elementor-widget-mobile__width-initial elementor-view-default elementor-widget elementor-widget-icon\" data-id=\"8c95ee0\" data-element_type=\"widget\" data-e-type=\"widget\" data-widget_type=\"icon.default\">\n\t\t\t\t\t\t\t<div class=\"elementor-icon-wrapper\">\n\t\t\t<div class=\"elementor-icon\">\n\t\t\t<i aria-hidden=\"true\" class=\"huge huge-calendar-03\"><\/i>\t\t\t<\/div>\n\t\t<\/div>\n\t\t\t\t\t\t<\/div>\n\t\t\t\t<div class=\"elementor-element elementor-element-086fab8 elementor-widget__width-initial elementor-widget elementor-widget-text-editor\" data-id=\"086fab8\" data-element_type=\"widget\" data-e-type=\"widget\" data-settings=\"{&quot;motion_fx_motion_fx_scrolling&quot;:&quot;yes&quot;,&quot;motion_fx_devices&quot;:[&quot;desktop&quot;,&quot;tablet&quot;,&quot;mobile&quot;]}\" data-widget_type=\"text-editor.default\">\n\t\t\t\t\t\t\t\t\t<p>MARDI 13 JANVIER 2026<\/p>\t\t\t\t\t\t\t\t<\/div>\n\t\t\t\t<div class=\"elementor-element elementor-element-fa2a542 elementor-widget-mobile__width-initial elementor-view-default elementor-widget elementor-widget-icon\" data-id=\"fa2a542\" data-element_type=\"widget\" data-e-type=\"widget\" data-widget_type=\"icon.default\">\n\t\t\t\t\t\t\t<div class=\"elementor-icon-wrapper\">\n\t\t\t<div class=\"elementor-icon\">\n\t\t\t<i aria-hidden=\"true\" class=\"huge huge-maps-global-02\"><\/i>\t\t\t<\/div>\n\t\t<\/div>\n\t\t\t\t\t\t<\/div>\n\t\t\t\t<div class=\"elementor-element elementor-element-92e622c elementor-widget__width-initial elementor-widget elementor-widget-text-editor\" data-id=\"92e622c\" data-element_type=\"widget\" data-e-type=\"widget\" data-settings=\"{&quot;motion_fx_motion_fx_scrolling&quot;:&quot;yes&quot;,&quot;motion_fx_devices&quot;:[&quot;desktop&quot;,&quot;tablet&quot;,&quot;mobile&quot;]}\" data-widget_type=\"text-editor.default\">\n\t\t\t\t\t\t\t\t\t<p>SQUARE BRUSSELS<\/p>\t\t\t\t\t\t\t\t<\/div>\n\t\t\t\t<\/div>\n\t\t<div class=\"elementor-element elementor-element-f8e5230 e-con-full e-flex e-con e-child\" data-id=\"f8e5230\" data-element_type=\"container\" data-e-type=\"container\">\n\t\t<div class=\"elementor-element elementor-element-89a7e54 e-con-full e-flex e-con e-child\" data-id=\"89a7e54\" data-element_type=\"container\" data-e-type=\"container\">\n\t\t<div class=\"elementor-element elementor-element-2c5a507 e-con-full elementor-hidden-desktop elementor-hidden-tablet elementor-hidden-mobile e-flex e-con e-child\" data-id=\"2c5a507\" data-element_type=\"container\" data-e-type=\"container\">\n\t\t\t\t<div class=\"elementor-element elementor-element-9d50088 elementor-hidden-desktop elementor-hidden-tablet elementor-hidden-mobile elementor-widget elementor-widget-eael-creative-button\" data-id=\"9d50088\" data-element_type=\"widget\" data-e-type=\"widget\" data-widget_type=\"eael-creative-button.default\">\n\t\t\t\t\t        <div class=\"eael-creative-button-wrapper\">\n\n            <a class=\"eael-creative-button eael-creative-button--wayra eael-cb-icon-position-\" href=\"https:\/\/www.euronaval.com\/euronaval-conference-brussels\/euronaval-conference-brussels-registration\/\" data-text=\"Aller!\">\n            \t    \n                <div class=\"creative-button-inner\">\n\n                    \n                    <span class=\"cretive-button-text\">inscription<\/span>\n\n                                    <\/div>\n\t                        <\/a>\n        <\/div>\n        \t\t\t\t<\/div>\n\t\t\t\t<div class=\"elementor-element elementor-element-2e84d80 elementor-widget elementor-widget-eael-creative-button\" data-id=\"2e84d80\" data-element_type=\"widget\" data-e-type=\"widget\" data-widget_type=\"eael-creative-button.default\">\n\t\t\t\t\t        <div class=\"eael-creative-button-wrapper\">\n\n            <a class=\"eael-creative-button eael-creative-button--wayra eael-cb-icon-position-\" href=\"https:\/\/www.euronaval.com\/euronaval-conference-brussels\/euronaval-conference-brussels-accomodation\/\" data-text=\"Aller!\">\n            \t    \n                <div class=\"creative-button-inner\">\n\n                    \n                    <span class=\"cretive-button-text\">h\u00e9bergement<\/span>\n\n                                    <\/div>\n\t                        <\/a>\n        <\/div>\n        \t\t\t\t<\/div>\n\t\t\t\t<div class=\"elementor-element elementor-element-5e688f8 elementor-widget elementor-widget-eael-creative-button\" data-id=\"5e688f8\" data-element_type=\"widget\" data-e-type=\"widget\" data-widget_type=\"eael-creative-button.default\">\n\t\t\t\t\t        <div class=\"eael-creative-button-wrapper\">\n\n            <a class=\"eael-creative-button eael-creative-button--wayra eael-cb-icon-position-\" href=\"https:\/\/square-brussels.com\/find-us\/\" target=\"_blank\" data-text=\"Aller!\">\n            \t    \n                <div class=\"creative-button-inner\">\n\n                    \n                    <span class=\"cretive-button-text\">lieu<\/span>\n\n                                    <\/div>\n\t                        <\/a>\n        <\/div>\n        \t\t\t\t<\/div>\n\t\t\t\t<\/div>\n\t\t<div class=\"elementor-element elementor-element-97c2b86 e-con-full e-flex e-con e-child\" data-id=\"97c2b86\" data-element_type=\"container\" data-e-type=\"container\">\n\t\t\t\t<div class=\"elementor-element elementor-element-3c39d6c elementor-hidden-desktop elementor-hidden-tablet elementor-hidden-mobile elementor-widget elementor-widget-eael-creative-button\" data-id=\"3c39d6c\" data-element_type=\"widget\" data-e-type=\"widget\" data-widget_type=\"eael-creative-button.default\">\n\t\t\t\t\t        <div class=\"eael-creative-button-wrapper\">\n\n            <a class=\"eael-creative-button eael-creative-button--wayra eael-cb-icon-position-\" href=\"mailto:sales@euronaval.com?subject=sponsor-euronaval-conference\" target=\"_blank\" data-text=\"Aller!\">\n            \t    \n                <div class=\"creative-button-inner\">\n\n                    \n                    <span class=\"cretive-button-text\">DEVENEZ SPONSOR <\/span>\n\n                                    <\/div>\n\t                        <\/a>\n        <\/div>\n        \t\t\t\t<\/div>\n\t\t\t\t<\/div>\n\t\t\t\t<\/div>\n\t\t\t\t<\/div>\n\t\t\t\t<\/div>\n\t\t\t\t\t<\/div>\n\t\t\t\t<\/div>\n\t\t\t\t<\/div>\n\t\t<div class=\"elementor-element elementor-element-8ffbe93 e-con-full e-flex e-con e-parent\" data-id=\"8ffbe93\" data-element_type=\"container\" data-e-type=\"container\" data-settings=\"{&quot;background_background&quot;:&quot;classic&quot;}\">\n\t\t\t\t<div class=\"elementor-element elementor-element-740614f elementor-widget elementor-widget-image\" data-id=\"740614f\" data-element_type=\"widget\" data-e-type=\"widget\" data-widget_type=\"image.default\">\n\t\t\t\t\t\t\t\t\t\t\t\t\t\t\t<img fetchpriority=\"high\" decoding=\"async\" width=\"400\" height=\"400\" src=\"https:\/\/www.euronaval.com\/wp-content\/uploads\/2025\/04\/wired-outline-33-chevron-down-hover-scale.gif\" class=\"attachment-large size-large wp-image-13289\" alt=\"chevron\" \/>\t\t\t\t\t\t\t\t\t\t\t\t\t\t\t<\/div>\n\t\t\t\t<\/div>\n\t\t<div class=\"elementor-element elementor-element-4fb85c6 e-con-full e-flex e-con e-parent\" data-id=\"4fb85c6\" data-element_type=\"container\" data-e-type=\"container\">\n\t\t\t\t<div class=\"elementor-element elementor-element-85343d4 elementor-widget__width-initial elementor-widget elementor-widget-text-editor\" data-id=\"85343d4\" data-element_type=\"widget\" data-e-type=\"widget\" data-settings=\"{&quot;motion_fx_motion_fx_scrolling&quot;:&quot;yes&quot;,&quot;motion_fx_devices&quot;:[&quot;desktop&quot;,&quot;tablet&quot;,&quot;mobile&quot;]}\" data-widget_type=\"text-editor.default\">\n\t\t\t\t\t\t\t\t\t<p>La journ\u00e9e a \u00e9t\u00e9 rythm\u00e9e par six conf\u00e9rences de haut niveau, entrecoup\u00e9es de temps d\u2019\u00e9changes d\u00e9di\u00e9s, notamment des pauses-caf\u00e9, un d\u00e9jeuner et un cocktail de cl\u00f4ture.<\/p>\t\t\t\t\t\t\t\t<\/div>\n\t\t\t\t<div class=\"elementor-element elementor-element-b1e6945 elementor-widget__width-initial elementor-widget elementor-widget-text-editor\" data-id=\"b1e6945\" data-element_type=\"widget\" data-e-type=\"widget\" data-widget_type=\"text-editor.default\">\n\t\t\t\t\t\t\t\t\t<div data-id=\"9523816\" data-element_type=\"widget\" data-widget_type=\"text-editor.default\">\n<div>\n<p>Afin de renforcer les liens et d\u2019approfondir certaines th\u00e9matiques, EURONAVAL a propos\u00e9 de nouveaux rendez-vous au format conf\u00e9rence \u00e0 partir de janvier 2026 et jusqu\u2019\u00e0 la tenue du salon.<\/p>\n<p>Le programme a \u00e9t\u00e9 \u00e9labor\u00e9 en partenariat avec l\u2019<strong>OTAN, Entanglement, S2IX et la FEUP de Porto<\/strong><\/p>\n<p>Le th\u00e8me de cette premi\u00e8re session, qui s\u2019est tenue le <strong>13 janvier 2026 \u00e0 Bruxelles<\/strong>, \u00e9tait :<br data-start=\"338\" data-end=\"341\"><strong>\u201cMaritime Superiority: The Quantum and Artificial Intelligence Shift\u201d<\/strong>: How quantum and AI redefine technologies and maritime operations \u2014 above, on and below the surface.<\/p><p>Les participants :&nbsp;<\/p>\n<div data-id=\"cbf4e39\" data-element_type=\"widget\" data-widget_type=\"icon-list.default\">\n<div>\n<ul>\n<li>&nbsp;ont rencontr\u00e9 les acteurs qui d\u00e9veloppent les outils de demain.<\/li>\n<li><i aria-hidden=\"true\"><\/i>&nbsp;ont \u00e9chang\u00e9 en amont du salon afin d\u2019anticiper les enjeux cl\u00e9s.<\/li>\n<li><i aria-hidden=\"true\"><\/i>&nbsp;ont partag\u00e9 leurs exp\u00e9riences et leurs id\u00e9es.<\/li>\n<li><i aria-hidden=\"true\"><\/i>&nbsp;se sont tenus inform\u00e9s des principaux d\u00e9fis et des tendances actuelles de la d\u00e9fense navale, notamment en mati\u00e8re de transformation num\u00e9rique et de technologies de pointe.<\/li>\n<\/ul>\n<\/div>\n<\/div>\n<\/div>\n<\/div>\t\t\t\t\t\t\t\t<\/div>\n\t\t\t\t<div class=\"elementor-element elementor-element-c9a54e2 elementor-widget elementor-widget-eael-creative-button\" data-id=\"c9a54e2\" data-element_type=\"widget\" data-e-type=\"widget\" data-widget_type=\"eael-creative-button.default\">\n\t\t\t\t\t        <div class=\"eael-creative-button-wrapper\">\n\n            <a class=\"eael-creative-button eael-creative-button--wayra eael-cb-icon-position-\" href=\"https:\/\/www.euronaval.com\/euronaval-conference-brussels-program\/\" target=\"_blank\" data-text=\"Aller!\">\n            \t    \n                <div class=\"creative-button-inner\">\n\n                    \n                    <span class=\"cretive-button-text\">voir le programme<\/span>\n\n                                    <\/div>\n\t                        <\/a>\n        <\/div>\n        \t\t\t\t<\/div>\n\t\t\t\t<\/div>\n\t\t\t\t<\/div>\n\t\t","protected":false},"excerpt":{"rendered":"<p>Afin de renforcer les liens et d\u2019approfondir certaines th\u00e9matiques, EURONAVAL a propos\u00e9 de nouveaux rendez-vous au format conf\u00e9rence \u00e0 partir de janvier 2026 et jusqu\u2019\u00e0 la tenue du salon.<\/p>\n","protected":false},"author":1,"featured_media":0,"parent":0,"menu_order":0,"comment_status":"closed","ping_status":"closed","template":"","meta":{"_acf_changed":false,"footnotes":"","_links_to":"","_links_to_target":""},"class_list":["post-17894","page","type-page","status-publish","hentry"],"acf":[],"yoast_head":"<!-- This site is optimized with the Yoast SEO plugin v27.3 - https:\/\/yoast.com\/product\/yoast-seo-wordpress\/ -->\n<title>Maritime Superiority : The Quantum and Artificial Intelligence Shift<\/title>\n<meta name=\"description\" content=\"How quantum and AI redefine technologies and maritime operations \u2014 above, on and below the surface\" \/>\n<meta name=\"robots\" content=\"index, follow, max-snippet:-1, max-image-preview:large, max-video-preview:-1\" \/>\n<link rel=\"canonical\" href=\"https:\/\/www.euronaval.com\/fr\/euronaval-conference-bruxelles\/\" \/>\n<meta property=\"og:locale\" content=\"fr_FR\" \/>\n<meta property=\"og:type\" content=\"article\" \/>\n<meta property=\"og:title\" content=\"Maritime Superiority : The Quantum and Artificial Intelligence Shift\" \/>\n<meta property=\"og:description\" content=\"How quantum and AI redefine technologies and maritime operations \u2014 above, on and below the surface\" \/>\n<meta property=\"og:url\" content=\"https:\/\/www.euronaval.com\/fr\/euronaval-conference-bruxelles\/\" \/>\n<meta property=\"og:site_name\" content=\"Euronaval\" \/>\n<meta property=\"article:publisher\" content=\"https:\/\/www.facebook.com\/people\/Euronaval\/100063477820109\/\" \/>\n<meta property=\"article:modified_time\" content=\"2026-03-10T16:08:05+00:00\" \/>\n<meta property=\"og:image\" content=\"https:\/\/www.euronaval.com\/wp-content\/uploads\/2025\/09\/nato-logo.png\" \/>\n\t<meta property=\"og:image:width\" content=\"200\" \/>\n\t<meta property=\"og:image:height\" content=\"100\" \/>\n\t<meta property=\"og:image:type\" content=\"image\/png\" \/>\n<meta name=\"twitter:card\" content=\"summary_large_image\" \/>\n<meta name=\"twitter:site\" content=\"@SalonEuronaval\" \/>\n<meta name=\"twitter:label1\" content=\"Dur\u00e9e de lecture estim\u00e9e\" \/>\n\t<meta name=\"twitter:data1\" content=\"1 minute\" \/>\n<script type=\"application\/ld+json\" class=\"yoast-schema-graph\">{\"@context\":\"https:\\\/\\\/schema.org\",\"@graph\":[{\"@type\":\"WebPage\",\"@id\":\"https:\\\/\\\/www.euronaval.com\\\/fr\\\/euronaval-conference-bruxelles\\\/\",\"url\":\"https:\\\/\\\/www.euronaval.com\\\/fr\\\/euronaval-conference-bruxelles\\\/\",\"name\":\"Maritime Superiority : The Quantum and Artificial Intelligence Shift\",\"isPartOf\":{\"@id\":\"https:\\\/\\\/www.euronaval.com\\\/fr\\\/#website\"},\"primaryImageOfPage\":{\"@id\":\"https:\\\/\\\/www.euronaval.com\\\/fr\\\/euronaval-conference-bruxelles\\\/#primaryimage\"},\"image\":{\"@id\":\"https:\\\/\\\/www.euronaval.com\\\/fr\\\/euronaval-conference-bruxelles\\\/#primaryimage\"},\"thumbnailUrl\":\"https:\\\/\\\/www.euronaval.com\\\/wp-content\\\/uploads\\\/2025\\\/09\\\/nato-logo.png\",\"datePublished\":\"2025-07-29T11:44:33+00:00\",\"dateModified\":\"2026-03-10T16:08:05+00:00\",\"description\":\"How quantum and AI redefine technologies and maritime operations \u2014 above, on and below the surface\",\"breadcrumb\":{\"@id\":\"https:\\\/\\\/www.euronaval.com\\\/fr\\\/euronaval-conference-bruxelles\\\/#breadcrumb\"},\"inLanguage\":\"fr-FR\",\"potentialAction\":[{\"@type\":\"ReadAction\",\"target\":[\"https:\\\/\\\/www.euronaval.com\\\/fr\\\/euronaval-conference-bruxelles\\\/\"]}]},{\"@type\":\"ImageObject\",\"inLanguage\":\"fr-FR\",\"@id\":\"https:\\\/\\\/www.euronaval.com\\\/fr\\\/euronaval-conference-bruxelles\\\/#primaryimage\",\"url\":\"https:\\\/\\\/www.euronaval.com\\\/wp-content\\\/uploads\\\/2025\\\/09\\\/nato-logo.png\",\"contentUrl\":\"https:\\\/\\\/www.euronaval.com\\\/wp-content\\\/uploads\\\/2025\\\/09\\\/nato-logo.png\"},{\"@type\":\"BreadcrumbList\",\"@id\":\"https:\\\/\\\/www.euronaval.com\\\/fr\\\/euronaval-conference-bruxelles\\\/#breadcrumb\",\"itemListElement\":[{\"@type\":\"ListItem\",\"position\":1,\"name\":\"Accueil\",\"item\":\"https:\\\/\\\/www.euronaval.com\\\/fr\\\/accueil\\\/\"},{\"@type\":\"ListItem\",\"position\":2,\"name\":\"EURONAVAL Conference &#8211; Bruxelles\"}]},{\"@type\":\"WebSite\",\"@id\":\"https:\\\/\\\/www.euronaval.com\\\/fr\\\/#website\",\"url\":\"https:\\\/\\\/www.euronaval.com\\\/fr\\\/\",\"name\":\"Euronaval\",\"description\":\"The World Naval Defense Exhibition\",\"publisher\":{\"@id\":\"https:\\\/\\\/www.euronaval.com\\\/fr\\\/#organization\"},\"potentialAction\":[{\"@type\":\"SearchAction\",\"target\":{\"@type\":\"EntryPoint\",\"urlTemplate\":\"https:\\\/\\\/www.euronaval.com\\\/fr\\\/?s={search_term_string}\"},\"query-input\":{\"@type\":\"PropertyValueSpecification\",\"valueRequired\":true,\"valueName\":\"search_term_string\"}}],\"inLanguage\":\"fr-FR\"},{\"@type\":\"Organization\",\"@id\":\"https:\\\/\\\/www.euronaval.com\\\/fr\\\/#organization\",\"name\":\"Euronaval\",\"url\":\"https:\\\/\\\/www.euronaval.com\\\/fr\\\/\",\"logo\":{\"@type\":\"ImageObject\",\"inLanguage\":\"fr-FR\",\"@id\":\"https:\\\/\\\/www.euronaval.com\\\/fr\\\/#\\\/schema\\\/logo\\\/image\\\/\",\"url\":\"https:\\\/\\\/www.euronaval.com\\\/wp-content\\\/uploads\\\/2023\\\/06\\\/cropped-logo-euronaval-1.png\",\"contentUrl\":\"https:\\\/\\\/www.euronaval.com\\\/wp-content\\\/uploads\\\/2023\\\/06\\\/cropped-logo-euronaval-1.png\",\"width\":307,\"height\":29,\"caption\":\"Euronaval\"},\"image\":{\"@id\":\"https:\\\/\\\/www.euronaval.com\\\/fr\\\/#\\\/schema\\\/logo\\\/image\\\/\"},\"sameAs\":[\"https:\\\/\\\/www.facebook.com\\\/people\\\/Euronaval\\\/100063477820109\\\/\",\"https:\\\/\\\/x.com\\\/SalonEuronaval\",\"https:\\\/\\\/www.linkedin.com\\\/company\\\/euronaval\\\/\",\"https:\\\/\\\/www.youtube.com\\\/@euronaval8981\"]}]}<\/script>\n<!-- \/ Yoast SEO plugin. -->","yoast_head_json":{"title":"Maritime Superiority : The Quantum and Artificial Intelligence Shift","description":"How quantum and AI redefine technologies and maritime operations \u2014 above, on and below the surface","robots":{"index":"index","follow":"follow","max-snippet":"max-snippet:-1","max-image-preview":"max-image-preview:large","max-video-preview":"max-video-preview:-1"},"canonical":"https:\/\/www.euronaval.com\/fr\/euronaval-conference-bruxelles\/","og_locale":"fr_FR","og_type":"article","og_title":"Maritime Superiority : The Quantum and Artificial Intelligence Shift","og_description":"How quantum and AI redefine technologies and maritime operations \u2014 above, on and below the surface","og_url":"https:\/\/www.euronaval.com\/fr\/euronaval-conference-bruxelles\/","og_site_name":"Euronaval","article_publisher":"https:\/\/www.facebook.com\/people\/Euronaval\/100063477820109\/","article_modified_time":"2026-03-10T16:08:05+00:00","og_image":[{"width":200,"height":100,"url":"https:\/\/www.euronaval.com\/wp-content\/uploads\/2025\/09\/nato-logo.png","type":"image\/png"}],"twitter_card":"summary_large_image","twitter_site":"@SalonEuronaval","twitter_misc":{"Dur\u00e9e de lecture estim\u00e9e":"1 minute"},"schema":{"@context":"https:\/\/schema.org","@graph":[{"@type":"WebPage","@id":"https:\/\/www.euronaval.com\/fr\/euronaval-conference-bruxelles\/","url":"https:\/\/www.euronaval.com\/fr\/euronaval-conference-bruxelles\/","name":"Maritime Superiority : The Quantum and Artificial Intelligence Shift","isPartOf":{"@id":"https:\/\/www.euronaval.com\/fr\/#website"},"primaryImageOfPage":{"@id":"https:\/\/www.euronaval.com\/fr\/euronaval-conference-bruxelles\/#primaryimage"},"image":{"@id":"https:\/\/www.euronaval.com\/fr\/euronaval-conference-bruxelles\/#primaryimage"},"thumbnailUrl":"https:\/\/www.euronaval.com\/wp-content\/uploads\/2025\/09\/nato-logo.png","datePublished":"2025-07-29T11:44:33+00:00","dateModified":"2026-03-10T16:08:05+00:00","description":"How quantum and AI redefine technologies and maritime operations \u2014 above, on and below the surface","breadcrumb":{"@id":"https:\/\/www.euronaval.com\/fr\/euronaval-conference-bruxelles\/#breadcrumb"},"inLanguage":"fr-FR","potentialAction":[{"@type":"ReadAction","target":["https:\/\/www.euronaval.com\/fr\/euronaval-conference-bruxelles\/"]}]},{"@type":"ImageObject","inLanguage":"fr-FR","@id":"https:\/\/www.euronaval.com\/fr\/euronaval-conference-bruxelles\/#primaryimage","url":"https:\/\/www.euronaval.com\/wp-content\/uploads\/2025\/09\/nato-logo.png","contentUrl":"https:\/\/www.euronaval.com\/wp-content\/uploads\/2025\/09\/nato-logo.png"},{"@type":"BreadcrumbList","@id":"https:\/\/www.euronaval.com\/fr\/euronaval-conference-bruxelles\/#breadcrumb","itemListElement":[{"@type":"ListItem","position":1,"name":"Accueil","item":"https:\/\/www.euronaval.com\/fr\/accueil\/"},{"@type":"ListItem","position":2,"name":"EURONAVAL Conference &#8211; Bruxelles"}]},{"@type":"WebSite","@id":"https:\/\/www.euronaval.com\/fr\/#website","url":"https:\/\/www.euronaval.com\/fr\/","name":"Euronaval","description":"The World Naval Defense Exhibition","publisher":{"@id":"https:\/\/www.euronaval.com\/fr\/#organization"},"potentialAction":[{"@type":"SearchAction","target":{"@type":"EntryPoint","urlTemplate":"https:\/\/www.euronaval.com\/fr\/?s={search_term_string}"},"query-input":{"@type":"PropertyValueSpecification","valueRequired":true,"valueName":"search_term_string"}}],"inLanguage":"fr-FR"},{"@type":"Organization","@id":"https:\/\/www.euronaval.com\/fr\/#organization","name":"Euronaval","url":"https:\/\/www.euronaval.com\/fr\/","logo":{"@type":"ImageObject","inLanguage":"fr-FR","@id":"https:\/\/www.euronaval.com\/fr\/#\/schema\/logo\/image\/","url":"https:\/\/www.euronaval.com\/wp-content\/uploads\/2023\/06\/cropped-logo-euronaval-1.png","contentUrl":"https:\/\/www.euronaval.com\/wp-content\/uploads\/2023\/06\/cropped-logo-euronaval-1.png","width":307,"height":29,"caption":"Euronaval"},"image":{"@id":"https:\/\/www.euronaval.com\/fr\/#\/schema\/logo\/image\/"},"sameAs":["https:\/\/www.facebook.com\/people\/Euronaval\/100063477820109\/","https:\/\/x.com\/SalonEuronaval","https:\/\/www.linkedin.com\/company\/euronaval\/","https:\/\/www.youtube.com\/@euronaval8981"]}]}},"_links":{"self":[{"href":"https:\/\/www.euronaval.com\/fr\/wp-json\/wp\/v2\/pages\/17894","targetHints":{"allow":["GET"]}}],"collection":[{"href":"https:\/\/www.euronaval.com\/fr\/wp-json\/wp\/v2\/pages"}],"about":[{"href":"https:\/\/www.euronaval.com\/fr\/wp-json\/wp\/v2\/types\/page"}],"author":[{"embeddable":true,"href":"https:\/\/www.euronaval.com\/fr\/wp-json\/wp\/v2\/users\/1"}],"replies":[{"embeddable":true,"href":"https:\/\/www.euronaval.com\/fr\/wp-json\/wp\/v2\/comments?post=17894"}],"version-history":[{"count":5,"href":"https:\/\/www.euronaval.com\/fr\/wp-json\/wp\/v2\/pages\/17894\/revisions"}],"predecessor-version":[{"id":18109,"href":"https:\/\/www.euronaval.com\/fr\/wp-json\/wp\/v2\/pages\/17894\/revisions\/18109"}],"wp:attachment":[{"href":"https:\/\/www.euronaval.com\/fr\/wp-json\/wp\/v2\/media?parent=17894"}],"curies":[{"name":"wp","href":"https:\/\/api.w.org\/{rel}","templated":true}]}}