{"id":17947,"date":"2025-09-03T16:36:49","date_gmt":"2025-09-03T14:36:49","guid":{"rendered":"https:\/\/www.euronaval.com\/euronaval-conference-bruxelles\/conference-euronaval-bruxelles-hebergement\/"},"modified":"2026-03-03T15:03:14","modified_gmt":"2026-03-03T14:03:14","slug":"conference-euronaval-bruxelles-hebergement","status":"publish","type":"page","link":"https:\/\/www.euronaval.com\/fr\/euronaval-conference-bruxelles\/conference-euronaval-bruxelles-hebergement\/","title":{"rendered":"Conf\u00e9rence EURONAVAL &#8211; bruxelles &#8211; H\u00e9bergement"},"content":{"rendered":"\t\t<div data-elementor-type=\"wp-page\" data-elementor-id=\"17947\" class=\"elementor elementor-17947 elementor-16114\" data-elementor-post-type=\"page\">\n\t\t\t\t<div class=\"elementor-element elementor-element-773bdd2 e-con-full e-flex e-con e-parent\" data-id=\"773bdd2\" data-element_type=\"container\" data-e-type=\"container\" data-settings=\"{&quot;background_background&quot;:&quot;classic&quot;}\">\n\t\t<div class=\"elementor-element elementor-element-ebed935 e-flex e-con-boxed e-con e-child\" data-id=\"ebed935\" data-element_type=\"container\" data-e-type=\"container\">\n\t\t\t\t\t<div class=\"e-con-inner\">\n\t\t<div class=\"elementor-element elementor-element-8d34e85 e-con-full e-flex e-con e-child\" data-id=\"8d34e85\" data-element_type=\"container\" data-e-type=\"container\">\n\t\t\t\t<div class=\"elementor-element elementor-element-21712a8 elementor-invisible elementor-widget elementor-widget-heading\" data-id=\"21712a8\" data-element_type=\"widget\" data-e-type=\"widget\" data-settings=\"{&quot;_animation&quot;:&quot;fadeIn&quot;}\" data-widget_type=\"heading.default\">\n\t\t\t\t\t<h1 class=\"elementor-heading-title elementor-size-default\">h\u00e9bergement<\/h1>\t\t\t\t<\/div>\n\t\t\t\t<\/div>\n\t\t\t\t\t<\/div>\n\t\t\t\t<\/div>\n\t\t\t\t<\/div>\n\t\t<div class=\"elementor-element elementor-element-ab1a5ca e-flex e-con-boxed e-con e-parent\" data-id=\"ab1a5ca\" data-element_type=\"container\" data-e-type=\"container\">\n\t\t\t\t\t<div class=\"e-con-inner\">\n\t\t<div class=\"elementor-element elementor-element-94664dc e-con-full e-flex e-con e-child\" data-id=\"94664dc\" data-element_type=\"container\" data-e-type=\"container\">\n\t\t<div class=\"elementor-element elementor-element-53fd8e3 e-con-full e-flex e-con e-child\" data-id=\"53fd8e3\" data-element_type=\"container\" data-e-type=\"container\" data-settings=\"{&quot;background_background&quot;:&quot;classic&quot;}\">\n\t\t\t\t<\/div>\n\t\t<div class=\"elementor-element elementor-element-4a5f466 e-con-full e-flex e-con e-child\" data-id=\"4a5f466\" data-element_type=\"container\" data-e-type=\"container\">\n\t\t\t\t<div class=\"elementor-element elementor-element-a7da371 elementor-widget elementor-widget-heading\" data-id=\"a7da371\" data-element_type=\"widget\" data-e-type=\"widget\" data-widget_type=\"heading.default\">\n\t\t\t\t\t<h2 class=\"elementor-heading-title elementor-size-default\">Partenaire officiel<\/h2>\t\t\t\t<\/div>\n\t\t\t\t<div class=\"elementor-element elementor-element-9a4eb97 elementor-widget elementor-widget-image\" data-id=\"9a4eb97\" data-element_type=\"widget\" data-e-type=\"widget\" data-widget_type=\"image.default\">\n\t\t\t\t\t\t\t\t\t\t\t\t\t\t\t<img decoding=\"async\" width=\"300\" height=\"73\" src=\"https:\/\/www.euronaval.com\/wp-content\/uploads\/2025\/10\/revolugo.png\" class=\"attachment-large size-large wp-image-17139\" alt=\"revolugo\" \/>\t\t\t\t\t\t\t\t\t\t\t\t\t\t\t<\/div>\n\t\t\t\t<div class=\"elementor-element elementor-element-708fbee elementor-widget elementor-widget-text-editor\" data-id=\"708fbee\" data-element_type=\"widget\" data-e-type=\"widget\" data-widget_type=\"text-editor.default\">\n\t\t\t\t\t\t\t\t\t<p>EURONAVAL a d\u00e9sign\u00e9<a href=\"https:\/\/platform.revolugo.com\/fr-FR\/hotels?wid=euronaval-conference\" target=\"_blank\" rel=\"noopener\"> Revolugo<\/a> comme l\u2019agence de voyage officielle pour les participants \u00e0 la conf\u00e9rence EURONAVAL.<\/p><p>Revolugo est l\u2019agence de voyage partenaire officielle de la conf\u00e9rence EURONAVAL.<\/p><p>L\u2019agence, permet aux personnes en d\u00e9placement professionnel de trouver rapidement et facilement des logements partout dans le monde. Pour le salon de l&rsquo;\u00e9conomie bleue, ils proposent un large choix d&rsquo;h\u00e9bergements \u00e0 des tarifs sp\u00e9cialement n\u00e9goci\u00e9s \u00e0 proximit\u00e9 du SQUARE BRUSSELS : des appartements et auberges aux h\u00f4tels de luxe 5 \u00e9toiles.<\/p><p>Avec notre partenaire, vous serez garantie que votre r\u00e9servation d&rsquo;h\u00f4tel, vos donn\u00e9es et informations personnelles seront prot\u00e9g\u00e9es et s\u00e9curis\u00e9es.<\/p><p>R\u00e9servez d\u00e8s que possible afin de b\u00e9n\u00e9ficier de tarifs sp\u00e9cialement n\u00e9goci\u00e9s via le <a href=\"https:\/\/platform.revolugo.com\/fr-FR\/hotels?wid=euronaval-conference\" target=\"_blank\" rel=\"noopener\">portail Revolugo.<\/a><\/p>\t\t\t\t\t\t\t\t<\/div>\n\t\t\t\t<div class=\"elementor-element elementor-element-e0a73eb elementor-widget elementor-widget-eael-creative-button\" data-id=\"e0a73eb\" data-element_type=\"widget\" data-e-type=\"widget\" data-widget_type=\"eael-creative-button.default\">\n\t\t\t\t\t        <div class=\"eael-creative-button-wrapper\">\n\n            <a class=\"eael-creative-button eael-creative-button--wayra eael-cb-icon-position-\" href=\"https:\/\/platform.revolugo.com\/hotels?wid=euronaval-conference\" target=\"_blank\" data-text=\"Aller!\">\n            \t    \n                <div class=\"creative-button-inner\">\n\n                    \n                    <span class=\"cretive-button-text\">R\u00e9servez votre hotel maintenant<\/span>\n\n                                    <\/div>\n\t                        <\/a>\n        <\/div>\n        \t\t\t\t<\/div>\n\t\t\t\t<div class=\"elementor-element elementor-element-91a803f elementor-widget elementor-widget-eael-creative-button\" data-id=\"91a803f\" data-element_type=\"widget\" data-e-type=\"widget\" data-widget_type=\"eael-creative-button.default\">\n\t\t\t\t\t        <div class=\"eael-creative-button-wrapper\">\n\n            <a class=\"eael-creative-button eael-creative-button--wayra eael-cb-icon-position-\" href=\"https:\/\/www.euronaval.com\/euronaval-conference-brussels-program\/\" target=\"_blank\" data-text=\"Aller!\">\n            \t    \n                <div class=\"creative-button-inner\">\n\n                    \n                    <span class=\"cretive-button-text\">voir le programme<\/span>\n\n                                    <\/div>\n\t                        <\/a>\n        <\/div>\n        \t\t\t\t<\/div>\n\t\t\t\t<div class=\"elementor-element elementor-element-785cf8f elementor-hidden-desktop elementor-hidden-tablet elementor-hidden-mobile elementor-widget elementor-widget-eael-creative-button\" data-id=\"785cf8f\" data-element_type=\"widget\" data-e-type=\"widget\" data-widget_type=\"eael-creative-button.default\">\n\t\t\t\t\t        <div class=\"eael-creative-button-wrapper\">\n\n            <a class=\"eael-creative-button eael-creative-button--wayra eael-cb-icon-position-\" href=\"https:\/\/www.euronaval.com\/euronaval-conference-brussels\/euronaval-conference-brussels-registration\/\" target=\"_blank\" data-text=\"Aller!\">\n            \t    \n                <div class=\"creative-button-inner\">\n\n                    \n                    <span class=\"cretive-button-text\">R\u00e9servez votre badge<\/span>\n\n                                    <\/div>\n\t                        <\/a>\n        <\/div>\n        \t\t\t\t<\/div>\n\t\t\t\t<\/div>\n\t\t\t\t<\/div>\n\t\t\t\t\t<\/div>\n\t\t\t\t<\/div>\n\t\t<div class=\"elementor-element elementor-element-1b99083 e-flex e-con-boxed e-con e-parent\" data-id=\"1b99083\" data-element_type=\"container\" data-e-type=\"container\">\n\t\t\t\t\t<div class=\"e-con-inner\">\n\t\t\t\t<div class=\"elementor-element elementor-element-1724ece elementor-widget__width-inherit elementor-widget elementor-widget-html\" data-id=\"1724ece\" data-element_type=\"widget\" data-e-type=\"widget\" data-widget_type=\"html.default\">\n\t\t\t\t\t<iframe id=\"inlineFrameExample\" title=\"Inline Frame Example\" width=\"100%\" height=\"600\" src=\"https:\/\/platform.revolugo.com\/fr-FR\/hotels?wid=euronaval-conference&amp;adultCount=1&amp;roomCount=1&amp;sourceMarket=FR&amp;checkInDate=2025-11-04&amp;checkOutDate=2025-11-05\">\r\n<\/iframe>\r\n\t\t\t\t<\/div>\n\t\t\t\t\t<\/div>\n\t\t\t\t<\/div>\n\t\t\t\t<\/div>\n\t\t","protected":false},"excerpt":{"rendered":"<p>h\u00e9bergement Partenaire officiel EURONAVAL a d\u00e9sign\u00e9 Revolugo comme l\u2019agence de voyage officielle pour les participants \u00e0 la conf\u00e9rence EURONAVAL. Revolugo est l\u2019agence de voyage partenaire officielle de la conf\u00e9rence EURONAVAL. L\u2019agence, permet aux personnes en d\u00e9placement professionnel de trouver rapidement et facilement des logements partout dans le monde. Pour le salon de l&rsquo;\u00e9conomie bleue, ils [&hellip;]<\/p>\n","protected":false},"author":1,"featured_media":0,"parent":17894,"menu_order":0,"comment_status":"closed","ping_status":"closed","template":"","meta":{"_acf_changed":false,"footnotes":"","_links_to":"","_links_to_target":""},"class_list":["post-17947","page","type-page","status-publish","hentry"],"acf":[],"yoast_head":"<!-- This site is optimized with the Yoast SEO plugin v27.3 - https:\/\/yoast.com\/product\/yoast-seo-wordpress\/ -->\n<title>EURONAVAL 2026 - Infos pratiques<\/title>\n<meta name=\"description\" content=\"Retrouvez toutes les informations n\u00e9cessaires pour pr\u00e9parer votre visite au salon de r\u00e9f\u00e9rence de la d\u00e9fense maritime !\" \/>\n<meta name=\"robots\" content=\"index, follow, max-snippet:-1, max-image-preview:large, max-video-preview:-1\" \/>\n<link rel=\"canonical\" href=\"https:\/\/www.euronaval.com\/fr\/euronaval-conference-bruxelles\/conference-euronaval-bruxelles-hebergement\/\" \/>\n<meta property=\"og:locale\" content=\"fr_FR\" \/>\n<meta property=\"og:type\" content=\"article\" \/>\n<meta property=\"og:title\" content=\"EURONAVAL 2026 - Infos pratiques\" \/>\n<meta property=\"og:description\" content=\"Retrouvez toutes les informations n\u00e9cessaires pour pr\u00e9parer votre visite au salon de r\u00e9f\u00e9rence de la d\u00e9fense maritime !\" \/>\n<meta property=\"og:url\" content=\"https:\/\/www.euronaval.com\/fr\/euronaval-conference-bruxelles\/conference-euronaval-bruxelles-hebergement\/\" \/>\n<meta property=\"og:site_name\" content=\"Euronaval\" \/>\n<meta property=\"article:publisher\" content=\"https:\/\/www.facebook.com\/people\/Euronaval\/100063477820109\/\" \/>\n<meta property=\"article:modified_time\" content=\"2026-03-03T14:03:14+00:00\" \/>\n<meta property=\"og:image\" content=\"https:\/\/www.euronaval.com\/wp-content\/uploads\/2025\/10\/revolugo.png\" \/>\n\t<meta property=\"og:image:width\" content=\"300\" \/>\n\t<meta property=\"og:image:height\" content=\"73\" \/>\n\t<meta property=\"og:image:type\" content=\"image\/png\" \/>\n<meta name=\"twitter:card\" content=\"summary_large_image\" \/>\n<meta name=\"twitter:site\" content=\"@SalonEuronaval\" \/>\n<meta name=\"twitter:label1\" content=\"Dur\u00e9e de lecture estim\u00e9e\" \/>\n\t<meta name=\"twitter:data1\" content=\"1 minute\" \/>\n<script type=\"application\/ld+json\" class=\"yoast-schema-graph\">{\"@context\":\"https:\\\/\\\/schema.org\",\"@graph\":[{\"@type\":\"WebPage\",\"@id\":\"https:\\\/\\\/www.euronaval.com\\\/fr\\\/euronaval-conference-bruxelles\\\/conference-euronaval-bruxelles-hebergement\\\/\",\"url\":\"https:\\\/\\\/www.euronaval.com\\\/fr\\\/euronaval-conference-bruxelles\\\/conference-euronaval-bruxelles-hebergement\\\/\",\"name\":\"EURONAVAL 2026 - Infos pratiques\",\"isPartOf\":{\"@id\":\"https:\\\/\\\/www.euronaval.com\\\/fr\\\/#website\"},\"primaryImageOfPage\":{\"@id\":\"https:\\\/\\\/www.euronaval.com\\\/fr\\\/euronaval-conference-bruxelles\\\/conference-euronaval-bruxelles-hebergement\\\/#primaryimage\"},\"image\":{\"@id\":\"https:\\\/\\\/www.euronaval.com\\\/fr\\\/euronaval-conference-bruxelles\\\/conference-euronaval-bruxelles-hebergement\\\/#primaryimage\"},\"thumbnailUrl\":\"https:\\\/\\\/www.euronaval.com\\\/wp-content\\\/uploads\\\/2025\\\/10\\\/revolugo.png\",\"datePublished\":\"2025-09-03T14:36:49+00:00\",\"dateModified\":\"2026-03-03T14:03:14+00:00\",\"description\":\"Retrouvez toutes les informations n\u00e9cessaires pour pr\u00e9parer votre visite au salon de r\u00e9f\u00e9rence de la d\u00e9fense maritime !\",\"breadcrumb\":{\"@id\":\"https:\\\/\\\/www.euronaval.com\\\/fr\\\/euronaval-conference-bruxelles\\\/conference-euronaval-bruxelles-hebergement\\\/#breadcrumb\"},\"inLanguage\":\"fr-FR\",\"potentialAction\":[{\"@type\":\"ReadAction\",\"target\":[\"https:\\\/\\\/www.euronaval.com\\\/fr\\\/euronaval-conference-bruxelles\\\/conference-euronaval-bruxelles-hebergement\\\/\"]}]},{\"@type\":\"ImageObject\",\"inLanguage\":\"fr-FR\",\"@id\":\"https:\\\/\\\/www.euronaval.com\\\/fr\\\/euronaval-conference-bruxelles\\\/conference-euronaval-bruxelles-hebergement\\\/#primaryimage\",\"url\":\"https:\\\/\\\/www.euronaval.com\\\/wp-content\\\/uploads\\\/2025\\\/10\\\/revolugo.png\",\"contentUrl\":\"https:\\\/\\\/www.euronaval.com\\\/wp-content\\\/uploads\\\/2025\\\/10\\\/revolugo.png\"},{\"@type\":\"BreadcrumbList\",\"@id\":\"https:\\\/\\\/www.euronaval.com\\\/fr\\\/euronaval-conference-bruxelles\\\/conference-euronaval-bruxelles-hebergement\\\/#breadcrumb\",\"itemListElement\":[{\"@type\":\"ListItem\",\"position\":1,\"name\":\"Accueil\",\"item\":\"https:\\\/\\\/www.euronaval.com\\\/fr\\\/accueil\\\/\"},{\"@type\":\"ListItem\",\"position\":2,\"name\":\"EURONAVAL Conference &#8211; Bruxelles\",\"item\":\"https:\\\/\\\/www.euronaval.com\\\/fr\\\/euronaval-conference-brussels\\\/\"},{\"@type\":\"ListItem\",\"position\":3,\"name\":\"Conf\u00e9rence EURONAVAL &#8211; bruxelles &#8211; H\u00e9bergement\"}]},{\"@type\":\"WebSite\",\"@id\":\"https:\\\/\\\/www.euronaval.com\\\/fr\\\/#website\",\"url\":\"https:\\\/\\\/www.euronaval.com\\\/fr\\\/\",\"name\":\"Euronaval\",\"description\":\"The World Naval Defense Exhibition\",\"publisher\":{\"@id\":\"https:\\\/\\\/www.euronaval.com\\\/fr\\\/#organization\"},\"potentialAction\":[{\"@type\":\"SearchAction\",\"target\":{\"@type\":\"EntryPoint\",\"urlTemplate\":\"https:\\\/\\\/www.euronaval.com\\\/fr\\\/?s={search_term_string}\"},\"query-input\":{\"@type\":\"PropertyValueSpecification\",\"valueRequired\":true,\"valueName\":\"search_term_string\"}}],\"inLanguage\":\"fr-FR\"},{\"@type\":\"Organization\",\"@id\":\"https:\\\/\\\/www.euronaval.com\\\/fr\\\/#organization\",\"name\":\"Euronaval\",\"url\":\"https:\\\/\\\/www.euronaval.com\\\/fr\\\/\",\"logo\":{\"@type\":\"ImageObject\",\"inLanguage\":\"fr-FR\",\"@id\":\"https:\\\/\\\/www.euronaval.com\\\/fr\\\/#\\\/schema\\\/logo\\\/image\\\/\",\"url\":\"https:\\\/\\\/www.euronaval.com\\\/wp-content\\\/uploads\\\/2023\\\/06\\\/cropped-logo-euronaval-1.png\",\"contentUrl\":\"https:\\\/\\\/www.euronaval.com\\\/wp-content\\\/uploads\\\/2023\\\/06\\\/cropped-logo-euronaval-1.png\",\"width\":307,\"height\":29,\"caption\":\"Euronaval\"},\"image\":{\"@id\":\"https:\\\/\\\/www.euronaval.com\\\/fr\\\/#\\\/schema\\\/logo\\\/image\\\/\"},\"sameAs\":[\"https:\\\/\\\/www.facebook.com\\\/people\\\/Euronaval\\\/100063477820109\\\/\",\"https:\\\/\\\/x.com\\\/SalonEuronaval\",\"https:\\\/\\\/www.linkedin.com\\\/company\\\/euronaval\\\/\",\"https:\\\/\\\/www.youtube.com\\\/@euronaval8981\"]}]}<\/script>\n<!-- \/ Yoast SEO plugin. -->","yoast_head_json":{"title":"EURONAVAL 2026 - Infos pratiques","description":"Retrouvez toutes les informations n\u00e9cessaires pour pr\u00e9parer votre visite au salon de r\u00e9f\u00e9rence de la d\u00e9fense maritime !","robots":{"index":"index","follow":"follow","max-snippet":"max-snippet:-1","max-image-preview":"max-image-preview:large","max-video-preview":"max-video-preview:-1"},"canonical":"https:\/\/www.euronaval.com\/fr\/euronaval-conference-bruxelles\/conference-euronaval-bruxelles-hebergement\/","og_locale":"fr_FR","og_type":"article","og_title":"EURONAVAL 2026 - Infos pratiques","og_description":"Retrouvez toutes les informations n\u00e9cessaires pour pr\u00e9parer votre visite au salon de r\u00e9f\u00e9rence de la d\u00e9fense maritime !","og_url":"https:\/\/www.euronaval.com\/fr\/euronaval-conference-bruxelles\/conference-euronaval-bruxelles-hebergement\/","og_site_name":"Euronaval","article_publisher":"https:\/\/www.facebook.com\/people\/Euronaval\/100063477820109\/","article_modified_time":"2026-03-03T14:03:14+00:00","og_image":[{"width":300,"height":73,"url":"https:\/\/www.euronaval.com\/wp-content\/uploads\/2025\/10\/revolugo.png","type":"image\/png"}],"twitter_card":"summary_large_image","twitter_site":"@SalonEuronaval","twitter_misc":{"Dur\u00e9e de lecture estim\u00e9e":"1 minute"},"schema":{"@context":"https:\/\/schema.org","@graph":[{"@type":"WebPage","@id":"https:\/\/www.euronaval.com\/fr\/euronaval-conference-bruxelles\/conference-euronaval-bruxelles-hebergement\/","url":"https:\/\/www.euronaval.com\/fr\/euronaval-conference-bruxelles\/conference-euronaval-bruxelles-hebergement\/","name":"EURONAVAL 2026 - Infos pratiques","isPartOf":{"@id":"https:\/\/www.euronaval.com\/fr\/#website"},"primaryImageOfPage":{"@id":"https:\/\/www.euronaval.com\/fr\/euronaval-conference-bruxelles\/conference-euronaval-bruxelles-hebergement\/#primaryimage"},"image":{"@id":"https:\/\/www.euronaval.com\/fr\/euronaval-conference-bruxelles\/conference-euronaval-bruxelles-hebergement\/#primaryimage"},"thumbnailUrl":"https:\/\/www.euronaval.com\/wp-content\/uploads\/2025\/10\/revolugo.png","datePublished":"2025-09-03T14:36:49+00:00","dateModified":"2026-03-03T14:03:14+00:00","description":"Retrouvez toutes les informations n\u00e9cessaires pour pr\u00e9parer votre visite au salon de r\u00e9f\u00e9rence de la d\u00e9fense maritime !","breadcrumb":{"@id":"https:\/\/www.euronaval.com\/fr\/euronaval-conference-bruxelles\/conference-euronaval-bruxelles-hebergement\/#breadcrumb"},"inLanguage":"fr-FR","potentialAction":[{"@type":"ReadAction","target":["https:\/\/www.euronaval.com\/fr\/euronaval-conference-bruxelles\/conference-euronaval-bruxelles-hebergement\/"]}]},{"@type":"ImageObject","inLanguage":"fr-FR","@id":"https:\/\/www.euronaval.com\/fr\/euronaval-conference-bruxelles\/conference-euronaval-bruxelles-hebergement\/#primaryimage","url":"https:\/\/www.euronaval.com\/wp-content\/uploads\/2025\/10\/revolugo.png","contentUrl":"https:\/\/www.euronaval.com\/wp-content\/uploads\/2025\/10\/revolugo.png"},{"@type":"BreadcrumbList","@id":"https:\/\/www.euronaval.com\/fr\/euronaval-conference-bruxelles\/conference-euronaval-bruxelles-hebergement\/#breadcrumb","itemListElement":[{"@type":"ListItem","position":1,"name":"Accueil","item":"https:\/\/www.euronaval.com\/fr\/accueil\/"},{"@type":"ListItem","position":2,"name":"EURONAVAL Conference &#8211; Bruxelles","item":"https:\/\/www.euronaval.com\/fr\/euronaval-conference-brussels\/"},{"@type":"ListItem","position":3,"name":"Conf\u00e9rence EURONAVAL &#8211; bruxelles &#8211; H\u00e9bergement"}]},{"@type":"WebSite","@id":"https:\/\/www.euronaval.com\/fr\/#website","url":"https:\/\/www.euronaval.com\/fr\/","name":"Euronaval","description":"The World Naval Defense Exhibition","publisher":{"@id":"https:\/\/www.euronaval.com\/fr\/#organization"},"potentialAction":[{"@type":"SearchAction","target":{"@type":"EntryPoint","urlTemplate":"https:\/\/www.euronaval.com\/fr\/?s={search_term_string}"},"query-input":{"@type":"PropertyValueSpecification","valueRequired":true,"valueName":"search_term_string"}}],"inLanguage":"fr-FR"},{"@type":"Organization","@id":"https:\/\/www.euronaval.com\/fr\/#organization","name":"Euronaval","url":"https:\/\/www.euronaval.com\/fr\/","logo":{"@type":"ImageObject","inLanguage":"fr-FR","@id":"https:\/\/www.euronaval.com\/fr\/#\/schema\/logo\/image\/","url":"https:\/\/www.euronaval.com\/wp-content\/uploads\/2023\/06\/cropped-logo-euronaval-1.png","contentUrl":"https:\/\/www.euronaval.com\/wp-content\/uploads\/2023\/06\/cropped-logo-euronaval-1.png","width":307,"height":29,"caption":"Euronaval"},"image":{"@id":"https:\/\/www.euronaval.com\/fr\/#\/schema\/logo\/image\/"},"sameAs":["https:\/\/www.facebook.com\/people\/Euronaval\/100063477820109\/","https:\/\/x.com\/SalonEuronaval","https:\/\/www.linkedin.com\/company\/euronaval\/","https:\/\/www.youtube.com\/@euronaval8981"]}]}},"_links":{"self":[{"href":"https:\/\/www.euronaval.com\/fr\/wp-json\/wp\/v2\/pages\/17947","targetHints":{"allow":["GET"]}}],"collection":[{"href":"https:\/\/www.euronaval.com\/fr\/wp-json\/wp\/v2\/pages"}],"about":[{"href":"https:\/\/www.euronaval.com\/fr\/wp-json\/wp\/v2\/types\/page"}],"author":[{"embeddable":true,"href":"https:\/\/www.euronaval.com\/fr\/wp-json\/wp\/v2\/users\/1"}],"replies":[{"embeddable":true,"href":"https:\/\/www.euronaval.com\/fr\/wp-json\/wp\/v2\/comments?post=17947"}],"version-history":[{"count":1,"href":"https:\/\/www.euronaval.com\/fr\/wp-json\/wp\/v2\/pages\/17947\/revisions"}],"predecessor-version":[{"id":17948,"href":"https:\/\/www.euronaval.com\/fr\/wp-json\/wp\/v2\/pages\/17947\/revisions\/17948"}],"up":[{"embeddable":true,"href":"https:\/\/www.euronaval.com\/fr\/wp-json\/wp\/v2\/pages\/17894"}],"wp:attachment":[{"href":"https:\/\/www.euronaval.com\/fr\/wp-json\/wp\/v2\/media?parent=17947"}],"curies":[{"name":"wp","href":"https:\/\/api.w.org\/{rel}","templated":true}]}}