{"id":18631,"date":"2026-04-10T18:17:58","date_gmt":"2026-04-10T16:17:58","guid":{"rendered":"https:\/\/www.euronaval.com\/programme-conferences-2026\/"},"modified":"2026-04-17T18:04:37","modified_gmt":"2026-04-17T16:04:37","slug":"programme-conferences-2026","status":"publish","type":"page","link":"https:\/\/www.euronaval.com\/fr\/programme-conferences-2026\/","title":{"rendered":"Programme conf\u00e9rences 2026"},"content":{"rendered":"\t\t<div data-elementor-type=\"wp-page\" data-elementor-id=\"18631\" class=\"elementor elementor-18631 elementor-18619\" data-elementor-post-type=\"page\">\n\t\t\t\t<div class=\"elementor-element elementor-element-9e71462 e-con-full e-flex e-con e-parent\" data-id=\"9e71462\" data-element_type=\"container\" data-e-type=\"container\" data-settings=\"{&quot;background_background&quot;:&quot;classic&quot;}\">\n\t\t<div class=\"elementor-element elementor-element-74df49f e-flex e-con-boxed e-con e-child\" data-id=\"74df49f\" data-element_type=\"container\" data-e-type=\"container\">\n\t\t\t\t\t<div class=\"e-con-inner\">\n\t\t<div class=\"elementor-element elementor-element-4aa68e5 e-con-full e-flex e-con e-child\" data-id=\"4aa68e5\" data-element_type=\"container\" data-e-type=\"container\">\n\t\t\t\t<div class=\"elementor-element elementor-element-8baeb8c elementor-widget elementor-widget-heading\" data-id=\"8baeb8c\" data-element_type=\"widget\" data-e-type=\"widget\" data-widget_type=\"heading.default\">\n\t\t\t\t\t<h2 class=\"elementor-heading-title elementor-size-default\">Prenez la parole \u00e0 EURONAVAL 2026<\/h2>\t\t\t\t<\/div>\n\t\t\t\t<\/div>\n\t\t\t\t\t<\/div>\n\t\t\t\t<\/div>\n\t\t\t\t<\/div>\n\t\t<div class=\"elementor-element elementor-element-b57798a e-flex e-con-boxed e-con e-parent\" data-id=\"b57798a\" data-element_type=\"container\" data-e-type=\"container\">\n\t\t\t\t\t<div class=\"e-con-inner\">\n\t\t<div class=\"elementor-element elementor-element-fc4027c e-con-full e-flex e-con e-child\" data-id=\"fc4027c\" data-element_type=\"container\" data-e-type=\"container\">\n\t\t<div class=\"elementor-element elementor-element-1c71a71 e-con-full e-flex e-con e-child\" data-id=\"1c71a71\" data-element_type=\"container\" data-e-type=\"container\" data-settings=\"{&quot;background_background&quot;:&quot;classic&quot;}\">\n\t\t\t\t<\/div>\n\t\t<div class=\"elementor-element elementor-element-bf9dab5 e-con-full e-flex e-con e-child\" data-id=\"bf9dab5\" data-element_type=\"container\" data-e-type=\"container\">\n\t\t\t\t<div class=\"elementor-element elementor-element-4677fa2 elementor-widget elementor-widget-text-editor\" data-id=\"4677fa2\" data-element_type=\"widget\" data-e-type=\"widget\" data-widget_type=\"text-editor.default\">\n\t\t\t\t\t\t\t\t\t<div class=\"flex w-9 px-7 py-3 ml-4\"><div class=\"flex-1 w-full header\"><div class=\"flex flex-col text-sm pb-25\"><section class=\"text-token-text-primary w-full focus:outline-none [--shadow-height:45px] has-data-writing-block:pointer-events-none has-data-writing-block:-mt-(--shadow-height) has-data-writing-block:pt-(--shadow-height) [&amp;:has([data-writing-block])&gt;*]:pointer-events-auto scroll-mt-[calc(var(--header-height)+min(200px,max(70px,20svh)))]\" dir=\"auto\" data-turn-id=\"request-WEB:ca3fc2e0-b782-470c-9be0-48b0c6e29c4c-11\" data-testid=\"conversation-turn-8\" data-scroll-anchor=\"true\" data-turn=\"assistant\"><div class=\"text-base my-auto mx-auto pb-10 [--thread-content-margin:var(--thread-content-margin-xs,calc(var(--spacing)*4))] @w-sm\/main:[--thread-content-margin:var(--thread-content-margin-sm,calc(var(--spacing)*6))] @w-lg\/main:[--thread-content-margin:var(--thread-content-margin-lg,calc(var(--spacing)*16))] px-(--thread-content-margin)\"><div class=\"[--thread-content-max-width:40rem] @w-lg\/main:[--thread-content-max-width:48rem] mx-auto max-w-(--thread-content-max-width) flex-1 group\/turn-messages focus-visible:outline-hidden relative flex w-full min-w-0 flex-col agent-turn\"><div class=\"flex max-w-full flex-col gap-4 grow\"><div class=\"min-h-8 text-message relative flex w-full flex-col items-end gap-2 text-start break-words whitespace-normal outline-none keyboard-focused:focus-ring [.text-message+&amp;]:mt-1\" dir=\"auto\" tabindex=\"0\" data-message-author-role=\"assistant\" data-message-id=\"6bab0474-ca78-4057-a19a-2c4a21bd2637\" data-message-model-slug=\"gpt-5-3\" data-turn-start-message=\"true\"><div class=\"flex w-full flex-col gap-1 empty:hidden\"><div class=\"markdown prose dark:prose-invert w-full wrap-break-word light markdown-new-styling\"><h4 data-section-id=\"1npeigw\" data-start=\"468\" data-end=\"503\"><span data-teams=\"true\"><strong>Vers la haute intensit\u00e9<\/strong><\/span><\/h4><p data-start=\"505\" data-end=\"664\">Dans un environnement marqu\u00e9 par la mont\u00e9e des tensions maritimes et l\u2019acc\u00e9l\u00e9ration technologique, le programme 2026 s\u2019articulera autour de grandes priorit\u00e9s strat\u00e9giques :<\/p><ul><li data-start=\"666\" data-end=\"799\"><strong data-start=\"666\" data-end=\"704\">3 novembre \u2013 La s\u00fbret\u00e9 des espaces maritime<\/strong><br data-start=\"704\" data-end=\"707\">Menaces hybrides, protection des infrastructures critiques et s\u00e9curisation des espaces contest\u00e9s.<\/li><li data-start=\"801\" data-end=\"960\"><strong data-start=\"801\" data-end=\"866\">4 novembre \u2013 Construire des b\u00e2timents r\u00e9silients et num\u00e9ris\u00e9s<\/strong><br data-start=\"866\" data-end=\"869\">Plateformes connect\u00e9es, cybers\u00e9curit\u00e9, IA et capacit\u00e9s \u00e0 op\u00e9rer en environnement d\u00e9grad\u00e9<\/li><li data-start=\"962\" data-end=\"1104\"><strong data-start=\"962\" data-end=\"1024\">5 novembre \u2013 De la guerre asym\u00e9trique vers la haute Intensit\u00e9<\/strong><br data-start=\"1024\" data-end=\"1027\">\u00c9volution des conflits navals, syst\u00e8mes non habit\u00e9s et engagements multi-domaines.<\/li><li data-start=\"1106\" data-end=\"1232\"><strong data-start=\"1106\" data-end=\"1158\">6 novembre (matin) \u2013 Comment soutenir les projets innovants<\/strong><br data-start=\"1158\" data-end=\"1161\">Financement, passage \u00e0 l\u2019\u00e9chelle et int\u00e9gration rapide des technologies \u00e9mergentes.<\/li><\/ul><h4 data-section-id=\"1f47to2\" data-start=\"1239\" data-end=\"1291\"><strong><br>Un espace d\u2019expression strat\u00e9gique pour les acteurs du secteur<\/strong><\/h4><p data-start=\"1293\" data-end=\"1338\">Call for Talks permet aux participants de :<\/p><ul data-start=\"1340\" data-end=\"1583\"><li data-section-id=\"yh8gaq\" data-start=\"1340\" data-end=\"1388\">Valoriser des retours d\u2019exp\u00e9rience op\u00e9rationnels et industriels<\/li><li data-section-id=\"1umjvi2\" data-start=\"1389\" data-end=\"1447\">Pr\u00e9senter des solutions innovantes et des approches disruptives<\/li><li data-section-id=\"ckw8bi\" data-start=\"1448\" data-end=\"1522\">Contribuer aux r\u00e9flexions collectives sur les \u00e9volutions du naval de d\u00e9fense<\/li><li data-section-id=\"126dsuf\" data-start=\"1523\" data-end=\"1583\">Dialoguer directement avec un public international de haut niveau<\/li><\/ul><p data-start=\"1585\" data-end=\"1830\"><br>En coh\u00e9rence avec l\u2019ADN d\u2019EURONAVAL, ce programme vise \u00e0 croiser les perspectives \u2014 op\u00e9rationnelles, technologiques, industrielles et \u00e9conomiques \u2014 afin d\u2019anticiper les transformations du secteur et d\u2019accompagner la mont\u00e9e en puissance des capacit\u00e9s navales.<\/p><\/div><\/div><\/div><\/div><\/div><\/div><\/section><\/div><\/div><\/div>\t\t\t\t\t\t\t\t<\/div>\n\t\t<div class=\"elementor-element elementor-element-69a4161 e-con-full e-flex e-con e-child\" data-id=\"69a4161\" data-element_type=\"container\" data-e-type=\"container\">\n\t\t\t\t<div class=\"elementor-element elementor-element-e5d5f95 elementor-widget elementor-widget-text-editor\" data-id=\"e5d5f95\" data-element_type=\"widget\" data-e-type=\"widget\" data-widget_type=\"text-editor.default\">\n\t\t\t\t\t\t\t\t\t<p data-section-id=\"98ymsl\" data-start=\"1837\" data-end=\"1899\">Contribuez aux d\u00e9bats qui fa\u00e7onnent le naval de demain<\/p>\t\t\t\t\t\t\t\t<\/div>\n\t\t\t\t<\/div>\n\t\t\t\t<div class=\"elementor-element elementor-element-b93dc4c elementor-widget elementor-widget-text-editor\" data-id=\"b93dc4c\" data-element_type=\"widget\" data-e-type=\"widget\" data-widget_type=\"text-editor.default\">\n\t\t\t\t\t\t\t\t\t<p data-start=\"1901\" data-end=\"2061\">\u00c0 travers ce dispositif, EURONAVAL confirme son r\u00f4le de forum strat\u00e9gique international, o\u00f9 se construisent les r\u00e9ponses aux d\u00e9fis maritimes contemporains.<\/p><h4><strong>Participez-vous \u00e0 EURONAVAL en tant qu&rsquo;exposant ou partenaire ?<\/strong><\/h4><p>Inscrivez-vous via l&rsquo;appel \u00e0 communications disponible dans votre espace exposant.<\/p><p>Pour plus d&rsquo;informations, contactez : <a href=\"mailto:com@euronaval.com\" target=\"_blank\" rel=\"noopener\">com@euronaval.com<\/a><\/p>\t\t\t\t\t\t\t\t<\/div>\n\t\t\t\t<\/div>\n\t\t\t\t<\/div>\n\t\t\t\t\t<\/div>\n\t\t\t\t<\/div>\n\t\t<div class=\"elementor-element elementor-element-08725d6 e-con-full e-flex e-con e-parent\" data-id=\"08725d6\" data-element_type=\"container\" data-e-type=\"container\">\n\t\t\t\t<div class=\"elementor-element elementor-element-2070d95 elementor-widget__width-initial elementor-widget elementor-widget-heading\" data-id=\"2070d95\" data-element_type=\"widget\" data-e-type=\"widget\" data-settings=\"{&quot;motion_fx_motion_fx_scrolling&quot;:&quot;yes&quot;,&quot;motion_fx_blur_effect&quot;:&quot;yes&quot;,&quot;motion_fx_blur_range&quot;:{&quot;unit&quot;:&quot;%&quot;,&quot;size&quot;:&quot;&quot;,&quot;sizes&quot;:{&quot;start&quot;:0,&quot;end&quot;:50}},&quot;motion_fx_blur_direction&quot;:&quot;out-in&quot;,&quot;motion_fx_blur_level&quot;:{&quot;unit&quot;:&quot;px&quot;,&quot;size&quot;:7,&quot;sizes&quot;:[]},&quot;motion_fx_devices&quot;:[&quot;desktop&quot;,&quot;tablet&quot;,&quot;mobile&quot;]}\" data-widget_type=\"heading.default\">\n\t\t\t\t\t<h3 class=\"elementor-heading-title elementor-size-default\">Vous souhaitez plus d'informations ?<\/h3>\t\t\t\t<\/div>\n\t\t\t\t<div class=\"elementor-element elementor-element-7a63b22 elementor-widget elementor-widget-eael-creative-button\" data-id=\"7a63b22\" data-element_type=\"widget\" data-e-type=\"widget\" data-widget_type=\"eael-creative-button.default\">\n\t\t\t\t\t        <div class=\"eael-creative-button-wrapper\">\n\n            <a class=\"eael-creative-button eael-creative-button--wayra eael-cb-icon-position-\" href=\"mailto:com@euronaval.com\" target=\"_blank\" data-text=\"Aller!\">\n            \t    \n                <div class=\"creative-button-inner\">\n\n                    \n                    <span class=\"cretive-button-text\">contactez nous<\/span>\n\n                                    <\/div>\n\t                        <\/a>\n        <\/div>\n        \t\t\t\t<\/div>\n\t\t\t\t<\/div>\n\t\t\t\t<\/div>\n\t\t","protected":false},"excerpt":{"rendered":"<p>Contribuez aux d\u00e9bats qui fa\u00e7onnent le naval de demain <\/p>\n","protected":false},"author":4,"featured_media":18235,"parent":0,"menu_order":0,"comment_status":"closed","ping_status":"closed","template":"","meta":{"_acf_changed":false,"footnotes":"","_links_to":"","_links_to_target":""},"class_list":["post-18631","page","type-page","status-publish","has-post-thumbnail","hentry"],"acf":[],"yoast_head":"<!-- This site is optimized with the Yoast SEO plugin v27.3 - https:\/\/yoast.com\/product\/yoast-seo-wordpress\/ -->\n<title>Programme conf\u00e9rences 2026<\/title>\n<meta name=\"description\" content=\"Contribuez aux \u00e9changes qui fa\u00e7onnent l\u2019avenir du naval de d\u00e9fense. \u00c0 travers son programme de conf\u00e9rences WORKSHOP, EURONAVAL propose un espace d\u2019expression d\u00e9di\u00e9 aux industriels, experts et acteurs institutionnels souhaitant partager leur vision, valoriser leur expertise et dialoguer avec un public international qualifi\u00e9.\" \/>\n<meta name=\"robots\" content=\"index, follow, max-snippet:-1, max-image-preview:large, max-video-preview:-1\" \/>\n<link rel=\"canonical\" href=\"https:\/\/www.euronaval.com\/fr\/programme-conferences-2026\/\" \/>\n<meta property=\"og:locale\" content=\"fr_FR\" \/>\n<meta property=\"og:type\" content=\"article\" \/>\n<meta property=\"og:title\" content=\"Programme conf\u00e9rences 2026\" \/>\n<meta property=\"og:description\" content=\"Contribuez aux \u00e9changes qui fa\u00e7onnent l\u2019avenir du naval de d\u00e9fense. \u00c0 travers son programme de conf\u00e9rences WORKSHOP, EURONAVAL propose un espace d\u2019expression d\u00e9di\u00e9 aux industriels, experts et acteurs institutionnels souhaitant partager leur vision, valoriser leur expertise et dialoguer avec un public international qualifi\u00e9.\" \/>\n<meta property=\"og:url\" content=\"https:\/\/www.euronaval.com\/fr\/programme-conferences-2026\/\" \/>\n<meta property=\"og:site_name\" content=\"Euronaval\" \/>\n<meta property=\"article:publisher\" content=\"https:\/\/www.facebook.com\/people\/Euronaval\/100063477820109\/\" \/>\n<meta property=\"article:modified_time\" content=\"2026-04-17T16:04:37+00:00\" \/>\n<meta property=\"og:image\" content=\"https:\/\/www.euronaval.com\/wp-content\/uploads\/2026\/03\/agenda.jpg\" \/>\n\t<meta property=\"og:image:width\" content=\"300\" \/>\n\t<meta property=\"og:image:height\" content=\"300\" \/>\n\t<meta property=\"og:image:type\" content=\"image\/jpeg\" \/>\n<meta name=\"twitter:card\" content=\"summary_large_image\" \/>\n<meta name=\"twitter:site\" content=\"@SalonEuronaval\" \/>\n<meta name=\"twitter:label1\" content=\"Dur\u00e9e de lecture estim\u00e9e\" \/>\n\t<meta name=\"twitter:data1\" content=\"1 minute\" \/>\n<script type=\"application\/ld+json\" class=\"yoast-schema-graph\">{\"@context\":\"https:\\\/\\\/schema.org\",\"@graph\":[{\"@type\":\"WebPage\",\"@id\":\"https:\\\/\\\/www.euronaval.com\\\/fr\\\/programme-conferences-2026\\\/\",\"url\":\"https:\\\/\\\/www.euronaval.com\\\/fr\\\/programme-conferences-2026\\\/\",\"name\":\"Programme conf\u00e9rences 2026\",\"isPartOf\":{\"@id\":\"https:\\\/\\\/www.euronaval.com\\\/fr\\\/#website\"},\"primaryImageOfPage\":{\"@id\":\"https:\\\/\\\/www.euronaval.com\\\/fr\\\/programme-conferences-2026\\\/#primaryimage\"},\"image\":{\"@id\":\"https:\\\/\\\/www.euronaval.com\\\/fr\\\/programme-conferences-2026\\\/#primaryimage\"},\"thumbnailUrl\":\"https:\\\/\\\/www.euronaval.com\\\/wp-content\\\/uploads\\\/2026\\\/03\\\/agenda.jpg\",\"datePublished\":\"2026-04-10T16:17:58+00:00\",\"dateModified\":\"2026-04-17T16:04:37+00:00\",\"description\":\"Contribuez aux \u00e9changes qui fa\u00e7onnent l\u2019avenir du naval de d\u00e9fense. \u00c0 travers son programme de conf\u00e9rences WORKSHOP, EURONAVAL propose un espace d\u2019expression d\u00e9di\u00e9 aux industriels, experts et acteurs institutionnels souhaitant partager leur vision, valoriser leur expertise et dialoguer avec un public international qualifi\u00e9.\",\"breadcrumb\":{\"@id\":\"https:\\\/\\\/www.euronaval.com\\\/fr\\\/programme-conferences-2026\\\/#breadcrumb\"},\"inLanguage\":\"fr-FR\",\"potentialAction\":[{\"@type\":\"ReadAction\",\"target\":[\"https:\\\/\\\/www.euronaval.com\\\/fr\\\/programme-conferences-2026\\\/\"]}]},{\"@type\":\"ImageObject\",\"inLanguage\":\"fr-FR\",\"@id\":\"https:\\\/\\\/www.euronaval.com\\\/fr\\\/programme-conferences-2026\\\/#primaryimage\",\"url\":\"https:\\\/\\\/www.euronaval.com\\\/wp-content\\\/uploads\\\/2026\\\/03\\\/agenda.jpg\",\"contentUrl\":\"https:\\\/\\\/www.euronaval.com\\\/wp-content\\\/uploads\\\/2026\\\/03\\\/agenda.jpg\",\"width\":300,\"height\":300,\"caption\":\"agenda\"},{\"@type\":\"BreadcrumbList\",\"@id\":\"https:\\\/\\\/www.euronaval.com\\\/fr\\\/programme-conferences-2026\\\/#breadcrumb\",\"itemListElement\":[{\"@type\":\"ListItem\",\"position\":1,\"name\":\"Accueil\",\"item\":\"https:\\\/\\\/www.euronaval.com\\\/fr\\\/accueil\\\/\"},{\"@type\":\"ListItem\",\"position\":2,\"name\":\"Programme conf\u00e9rences 2026\"}]},{\"@type\":\"WebSite\",\"@id\":\"https:\\\/\\\/www.euronaval.com\\\/fr\\\/#website\",\"url\":\"https:\\\/\\\/www.euronaval.com\\\/fr\\\/\",\"name\":\"Euronaval\",\"description\":\"The World Naval Defense Exhibition\",\"publisher\":{\"@id\":\"https:\\\/\\\/www.euronaval.com\\\/fr\\\/#organization\"},\"potentialAction\":[{\"@type\":\"SearchAction\",\"target\":{\"@type\":\"EntryPoint\",\"urlTemplate\":\"https:\\\/\\\/www.euronaval.com\\\/fr\\\/?s={search_term_string}\"},\"query-input\":{\"@type\":\"PropertyValueSpecification\",\"valueRequired\":true,\"valueName\":\"search_term_string\"}}],\"inLanguage\":\"fr-FR\"},{\"@type\":\"Organization\",\"@id\":\"https:\\\/\\\/www.euronaval.com\\\/fr\\\/#organization\",\"name\":\"Euronaval\",\"url\":\"https:\\\/\\\/www.euronaval.com\\\/fr\\\/\",\"logo\":{\"@type\":\"ImageObject\",\"inLanguage\":\"fr-FR\",\"@id\":\"https:\\\/\\\/www.euronaval.com\\\/fr\\\/#\\\/schema\\\/logo\\\/image\\\/\",\"url\":\"https:\\\/\\\/www.euronaval.com\\\/wp-content\\\/uploads\\\/2023\\\/06\\\/cropped-logo-euronaval-1.png\",\"contentUrl\":\"https:\\\/\\\/www.euronaval.com\\\/wp-content\\\/uploads\\\/2023\\\/06\\\/cropped-logo-euronaval-1.png\",\"width\":307,\"height\":29,\"caption\":\"Euronaval\"},\"image\":{\"@id\":\"https:\\\/\\\/www.euronaval.com\\\/fr\\\/#\\\/schema\\\/logo\\\/image\\\/\"},\"sameAs\":[\"https:\\\/\\\/www.facebook.com\\\/people\\\/Euronaval\\\/100063477820109\\\/\",\"https:\\\/\\\/x.com\\\/SalonEuronaval\",\"https:\\\/\\\/www.linkedin.com\\\/company\\\/euronaval\\\/\",\"https:\\\/\\\/www.youtube.com\\\/@euronaval8981\"]}]}<\/script>\n<!-- \/ Yoast SEO plugin. -->","yoast_head_json":{"title":"Programme conf\u00e9rences 2026","description":"Contribuez aux \u00e9changes qui fa\u00e7onnent l\u2019avenir du naval de d\u00e9fense. \u00c0 travers son programme de conf\u00e9rences WORKSHOP, EURONAVAL propose un espace d\u2019expression d\u00e9di\u00e9 aux industriels, experts et acteurs institutionnels souhaitant partager leur vision, valoriser leur expertise et dialoguer avec un public international qualifi\u00e9.","robots":{"index":"index","follow":"follow","max-snippet":"max-snippet:-1","max-image-preview":"max-image-preview:large","max-video-preview":"max-video-preview:-1"},"canonical":"https:\/\/www.euronaval.com\/fr\/programme-conferences-2026\/","og_locale":"fr_FR","og_type":"article","og_title":"Programme conf\u00e9rences 2026","og_description":"Contribuez aux \u00e9changes qui fa\u00e7onnent l\u2019avenir du naval de d\u00e9fense. \u00c0 travers son programme de conf\u00e9rences WORKSHOP, EURONAVAL propose un espace d\u2019expression d\u00e9di\u00e9 aux industriels, experts et acteurs institutionnels souhaitant partager leur vision, valoriser leur expertise et dialoguer avec un public international qualifi\u00e9.","og_url":"https:\/\/www.euronaval.com\/fr\/programme-conferences-2026\/","og_site_name":"Euronaval","article_publisher":"https:\/\/www.facebook.com\/people\/Euronaval\/100063477820109\/","article_modified_time":"2026-04-17T16:04:37+00:00","og_image":[{"width":300,"height":300,"url":"https:\/\/www.euronaval.com\/wp-content\/uploads\/2026\/03\/agenda.jpg","type":"image\/jpeg"}],"twitter_card":"summary_large_image","twitter_site":"@SalonEuronaval","twitter_misc":{"Dur\u00e9e de lecture estim\u00e9e":"1 minute"},"schema":{"@context":"https:\/\/schema.org","@graph":[{"@type":"WebPage","@id":"https:\/\/www.euronaval.com\/fr\/programme-conferences-2026\/","url":"https:\/\/www.euronaval.com\/fr\/programme-conferences-2026\/","name":"Programme conf\u00e9rences 2026","isPartOf":{"@id":"https:\/\/www.euronaval.com\/fr\/#website"},"primaryImageOfPage":{"@id":"https:\/\/www.euronaval.com\/fr\/programme-conferences-2026\/#primaryimage"},"image":{"@id":"https:\/\/www.euronaval.com\/fr\/programme-conferences-2026\/#primaryimage"},"thumbnailUrl":"https:\/\/www.euronaval.com\/wp-content\/uploads\/2026\/03\/agenda.jpg","datePublished":"2026-04-10T16:17:58+00:00","dateModified":"2026-04-17T16:04:37+00:00","description":"Contribuez aux \u00e9changes qui fa\u00e7onnent l\u2019avenir du naval de d\u00e9fense. \u00c0 travers son programme de conf\u00e9rences WORKSHOP, EURONAVAL propose un espace d\u2019expression d\u00e9di\u00e9 aux industriels, experts et acteurs institutionnels souhaitant partager leur vision, valoriser leur expertise et dialoguer avec un public international qualifi\u00e9.","breadcrumb":{"@id":"https:\/\/www.euronaval.com\/fr\/programme-conferences-2026\/#breadcrumb"},"inLanguage":"fr-FR","potentialAction":[{"@type":"ReadAction","target":["https:\/\/www.euronaval.com\/fr\/programme-conferences-2026\/"]}]},{"@type":"ImageObject","inLanguage":"fr-FR","@id":"https:\/\/www.euronaval.com\/fr\/programme-conferences-2026\/#primaryimage","url":"https:\/\/www.euronaval.com\/wp-content\/uploads\/2026\/03\/agenda.jpg","contentUrl":"https:\/\/www.euronaval.com\/wp-content\/uploads\/2026\/03\/agenda.jpg","width":300,"height":300,"caption":"agenda"},{"@type":"BreadcrumbList","@id":"https:\/\/www.euronaval.com\/fr\/programme-conferences-2026\/#breadcrumb","itemListElement":[{"@type":"ListItem","position":1,"name":"Accueil","item":"https:\/\/www.euronaval.com\/fr\/accueil\/"},{"@type":"ListItem","position":2,"name":"Programme conf\u00e9rences 2026"}]},{"@type":"WebSite","@id":"https:\/\/www.euronaval.com\/fr\/#website","url":"https:\/\/www.euronaval.com\/fr\/","name":"Euronaval","description":"The World Naval Defense Exhibition","publisher":{"@id":"https:\/\/www.euronaval.com\/fr\/#organization"},"potentialAction":[{"@type":"SearchAction","target":{"@type":"EntryPoint","urlTemplate":"https:\/\/www.euronaval.com\/fr\/?s={search_term_string}"},"query-input":{"@type":"PropertyValueSpecification","valueRequired":true,"valueName":"search_term_string"}}],"inLanguage":"fr-FR"},{"@type":"Organization","@id":"https:\/\/www.euronaval.com\/fr\/#organization","name":"Euronaval","url":"https:\/\/www.euronaval.com\/fr\/","logo":{"@type":"ImageObject","inLanguage":"fr-FR","@id":"https:\/\/www.euronaval.com\/fr\/#\/schema\/logo\/image\/","url":"https:\/\/www.euronaval.com\/wp-content\/uploads\/2023\/06\/cropped-logo-euronaval-1.png","contentUrl":"https:\/\/www.euronaval.com\/wp-content\/uploads\/2023\/06\/cropped-logo-euronaval-1.png","width":307,"height":29,"caption":"Euronaval"},"image":{"@id":"https:\/\/www.euronaval.com\/fr\/#\/schema\/logo\/image\/"},"sameAs":["https:\/\/www.facebook.com\/people\/Euronaval\/100063477820109\/","https:\/\/x.com\/SalonEuronaval","https:\/\/www.linkedin.com\/company\/euronaval\/","https:\/\/www.youtube.com\/@euronaval8981"]}]}},"_links":{"self":[{"href":"https:\/\/www.euronaval.com\/fr\/wp-json\/wp\/v2\/pages\/18631","targetHints":{"allow":["GET"]}}],"collection":[{"href":"https:\/\/www.euronaval.com\/fr\/wp-json\/wp\/v2\/pages"}],"about":[{"href":"https:\/\/www.euronaval.com\/fr\/wp-json\/wp\/v2\/types\/page"}],"author":[{"embeddable":true,"href":"https:\/\/www.euronaval.com\/fr\/wp-json\/wp\/v2\/users\/4"}],"replies":[{"embeddable":true,"href":"https:\/\/www.euronaval.com\/fr\/wp-json\/wp\/v2\/comments?post=18631"}],"version-history":[{"count":6,"href":"https:\/\/www.euronaval.com\/fr\/wp-json\/wp\/v2\/pages\/18631\/revisions"}],"predecessor-version":[{"id":18694,"href":"https:\/\/www.euronaval.com\/fr\/wp-json\/wp\/v2\/pages\/18631\/revisions\/18694"}],"wp:featuredmedia":[{"embeddable":true,"href":"https:\/\/www.euronaval.com\/fr\/wp-json\/wp\/v2\/media\/18235"}],"wp:attachment":[{"href":"https:\/\/www.euronaval.com\/fr\/wp-json\/wp\/v2\/media?parent=18631"}],"curies":[{"name":"wp","href":"https:\/\/api.w.org\/{rel}","templated":true}]}}