{"id":5815,"date":"2023-07-07T17:32:04","date_gmt":"2023-07-07T15:32:04","guid":{"rendered":"https:\/\/rcpt.euronaval.fr\/materiel-marketing\/"},"modified":"2023-07-19T18:32:30","modified_gmt":"2023-07-19T16:32:30","slug":"materiel-marketing","status":"publish","type":"page","link":"https:\/\/www.euronaval.com\/fr\/materiel-marketing\/","title":{"rendered":"Mat\u00e9riel marketing"},"content":{"rendered":"\t\t<div data-elementor-type=\"wp-page\" data-elementor-id=\"5815\" class=\"elementor elementor-5815 elementor-5805\" data-elementor-post-type=\"page\">\n\t\t\t\t\t\t<section class=\"elementor-section elementor-top-section elementor-element elementor-element-277a9b0d elementor-section-full_width elementor-section-height-default elementor-section-height-default\" data-id=\"277a9b0d\" data-element_type=\"section\" data-e-type=\"section\">\n\t\t\t\t\t\t<div class=\"elementor-container elementor-column-gap-default\">\n\t\t\t\t\t<div class=\"elementor-column elementor-col-33 elementor-top-column elementor-element elementor-element-1600fb12\" data-id=\"1600fb12\" data-element_type=\"column\" data-e-type=\"column\">\n\t\t\t<div class=\"elementor-widget-wrap elementor-element-populated\">\n\t\t\t\t\t\t<div class=\"elementor-element elementor-element-49b86c6e elementor-widget elementor-widget-text-editor\" data-id=\"49b86c6e\" data-element_type=\"widget\" data-e-type=\"widget\" data-widget_type=\"text-editor.default\">\n\t\t\t\t\t\t\t\t\t<p>Logo EURONAVAL et banni\u00e8res web pour votre communication !<\/p>\n<ul>\n<li>210&#215;50<\/li>\n<li>945&#215;315<\/li>\n<li>1460&#215;937<\/li>\n<\/ul>\n\t\t\t\t\t\t\t\t<\/div>\n\t\t\t\t\t<\/div>\n\t\t<\/div>\n\t\t\t\t<div class=\"elementor-column elementor-col-66 elementor-top-column elementor-element elementor-element-76542e18\" data-id=\"76542e18\" data-element_type=\"column\" data-e-type=\"column\">\n\t\t\t<div class=\"elementor-widget-wrap elementor-element-populated\">\n\t\t\t\t\t\t<div class=\"elementor-element elementor-element-fefd60d elementor-widget elementor-widget-image\" data-id=\"fefd60d\" data-element_type=\"widget\" data-e-type=\"widget\" data-widget_type=\"image.default\">\n\t\t\t\t\t\t\t\t\t\t\t\t\t\t\t<img fetchpriority=\"high\" decoding=\"async\" width=\"800\" height=\"800\" src=\"https:\/\/www.euronaval.com\/wp-content\/uploads\/2023\/07\/euronaval-web-bannieres.jpg\" class=\"attachment-large size-large wp-image-5811\" alt=\"euronaval-web-banniere\" srcset=\"https:\/\/www.euronaval.com\/wp-content\/uploads\/2023\/07\/euronaval-web-bannieres.jpg 800w, https:\/\/www.euronaval.com\/wp-content\/uploads\/2023\/07\/euronaval-web-bannieres-300x300.jpg 300w, https:\/\/www.euronaval.com\/wp-content\/uploads\/2023\/07\/euronaval-web-bannieres-150x150.jpg 150w, https:\/\/www.euronaval.com\/wp-content\/uploads\/2023\/07\/euronaval-web-bannieres-768x768.jpg 768w\" sizes=\"(max-width: 800px) 100vw, 800px\" \/>\t\t\t\t\t\t\t\t\t\t\t\t\t\t\t<\/div>\n\t\t\t\t\t<\/div>\n\t\t<\/div>\n\t\t\t\t\t<\/div>\n\t\t<\/section>\n\t\t\t\t<\/div>\n\t\t","protected":false},"excerpt":{"rendered":"<p>Logo EURONAVAL et banni\u00e8res web pour votre communication ! 210&#215;50 945&#215;315 1460&#215;937 T\u00e9l\u00e9chargez<\/p>\n","protected":false},"author":1,"featured_media":0,"parent":0,"menu_order":0,"comment_status":"closed","ping_status":"closed","template":"","meta":{"_acf_changed":false,"footnotes":"","_links_to":"","_links_to_target":""},"class_list":["post-5815","page","type-page","status-publish","hentry"],"acf":[],"yoast_head":"<!-- This site is optimized with the Yoast SEO plugin v27.4 - https:\/\/yoast.com\/product\/yoast-seo-wordpress\/ -->\n<title>Euronaval 2024 - Mat\u00e9riel marketing<\/title>\n<meta name=\"description\" content=\"Plongez dans l&#039;innovation et l&#039;excellence maritime ! Explorez les technologies et les solutions navales de pointe \u00e0 Euronaval 2024\" \/>\n<meta name=\"robots\" content=\"index, follow, max-snippet:-1, max-image-preview:large, max-video-preview:-1\" \/>\n<link rel=\"canonical\" href=\"https:\/\/www.euronaval.com\/fr\/materiel-marketing\/\" \/>\n<meta property=\"og:locale\" content=\"fr_FR\" \/>\n<meta property=\"og:type\" content=\"article\" \/>\n<meta property=\"og:title\" content=\"Euronaval 2024 - Mat\u00e9riel marketing\" \/>\n<meta property=\"og:description\" content=\"Plongez dans l&#039;innovation et l&#039;excellence maritime ! Explorez les technologies et les solutions navales de pointe \u00e0 Euronaval 2024\" \/>\n<meta property=\"og:url\" content=\"https:\/\/www.euronaval.com\/fr\/materiel-marketing\/\" \/>\n<meta property=\"og:site_name\" content=\"Euronaval\" \/>\n<meta property=\"article:publisher\" content=\"https:\/\/www.facebook.com\/people\/Euronaval\/100063477820109\/\" \/>\n<meta property=\"article:modified_time\" content=\"2023-07-19T16:32:30+00:00\" \/>\n<meta property=\"og:image\" content=\"https:\/\/www.euronaval.fr\/wp-content\/uploads\/2023\/07\/euronaval-web-banner.jpg\" \/>\n<meta name=\"twitter:card\" content=\"summary_large_image\" \/>\n<meta name=\"twitter:site\" content=\"@SalonEuronaval\" \/>\n<script type=\"application\/ld+json\" class=\"yoast-schema-graph\">{\"@context\":\"https:\\\/\\\/schema.org\",\"@graph\":[{\"@type\":\"WebPage\",\"@id\":\"https:\\\/\\\/www.euronaval.com\\\/fr\\\/materiel-marketing\\\/\",\"url\":\"https:\\\/\\\/www.euronaval.com\\\/fr\\\/materiel-marketing\\\/\",\"name\":\"Euronaval 2024 - Mat\u00e9riel marketing\",\"isPartOf\":{\"@id\":\"https:\\\/\\\/www.euronaval.com\\\/fr\\\/#website\"},\"primaryImageOfPage\":{\"@id\":\"https:\\\/\\\/www.euronaval.com\\\/fr\\\/materiel-marketing\\\/#primaryimage\"},\"image\":{\"@id\":\"https:\\\/\\\/www.euronaval.com\\\/fr\\\/materiel-marketing\\\/#primaryimage\"},\"thumbnailUrl\":\"https:\\\/\\\/www.euronaval.fr\\\/wp-content\\\/uploads\\\/2023\\\/07\\\/euronaval-web-banner.jpg\",\"datePublished\":\"2023-07-07T15:32:04+00:00\",\"dateModified\":\"2023-07-19T16:32:30+00:00\",\"description\":\"Plongez dans l'innovation et l'excellence maritime ! Explorez les technologies et les solutions navales de pointe \u00e0 Euronaval 2024\",\"breadcrumb\":{\"@id\":\"https:\\\/\\\/www.euronaval.com\\\/fr\\\/materiel-marketing\\\/#breadcrumb\"},\"inLanguage\":\"fr-FR\",\"potentialAction\":[{\"@type\":\"ReadAction\",\"target\":[\"https:\\\/\\\/www.euronaval.com\\\/fr\\\/materiel-marketing\\\/\"]}]},{\"@type\":\"ImageObject\",\"inLanguage\":\"fr-FR\",\"@id\":\"https:\\\/\\\/www.euronaval.com\\\/fr\\\/materiel-marketing\\\/#primaryimage\",\"url\":\"https:\\\/\\\/www.euronaval.fr\\\/wp-content\\\/uploads\\\/2023\\\/07\\\/euronaval-web-banner.jpg\",\"contentUrl\":\"https:\\\/\\\/www.euronaval.fr\\\/wp-content\\\/uploads\\\/2023\\\/07\\\/euronaval-web-banner.jpg\"},{\"@type\":\"BreadcrumbList\",\"@id\":\"https:\\\/\\\/www.euronaval.com\\\/fr\\\/materiel-marketing\\\/#breadcrumb\",\"itemListElement\":[{\"@type\":\"ListItem\",\"position\":1,\"name\":\"Accueil\",\"item\":\"https:\\\/\\\/www.euronaval.com\\\/fr\\\/accueil\\\/\"},{\"@type\":\"ListItem\",\"position\":2,\"name\":\"Mat\u00e9riel marketing\"}]},{\"@type\":\"WebSite\",\"@id\":\"https:\\\/\\\/www.euronaval.com\\\/fr\\\/#website\",\"url\":\"https:\\\/\\\/www.euronaval.com\\\/fr\\\/\",\"name\":\"Euronaval\",\"description\":\"The World Naval Defense Exhibition\",\"publisher\":{\"@id\":\"https:\\\/\\\/www.euronaval.com\\\/fr\\\/#organization\"},\"potentialAction\":[{\"@type\":\"SearchAction\",\"target\":{\"@type\":\"EntryPoint\",\"urlTemplate\":\"https:\\\/\\\/www.euronaval.com\\\/fr\\\/?s={search_term_string}\"},\"query-input\":{\"@type\":\"PropertyValueSpecification\",\"valueRequired\":true,\"valueName\":\"search_term_string\"}}],\"inLanguage\":\"fr-FR\"},{\"@type\":\"Organization\",\"@id\":\"https:\\\/\\\/www.euronaval.com\\\/fr\\\/#organization\",\"name\":\"Euronaval\",\"url\":\"https:\\\/\\\/www.euronaval.com\\\/fr\\\/\",\"logo\":{\"@type\":\"ImageObject\",\"inLanguage\":\"fr-FR\",\"@id\":\"https:\\\/\\\/www.euronaval.com\\\/fr\\\/#\\\/schema\\\/logo\\\/image\\\/\",\"url\":\"https:\\\/\\\/www.euronaval.com\\\/wp-content\\\/uploads\\\/2023\\\/06\\\/cropped-logo-euronaval-1.png\",\"contentUrl\":\"https:\\\/\\\/www.euronaval.com\\\/wp-content\\\/uploads\\\/2023\\\/06\\\/cropped-logo-euronaval-1.png\",\"width\":307,\"height\":29,\"caption\":\"Euronaval\"},\"image\":{\"@id\":\"https:\\\/\\\/www.euronaval.com\\\/fr\\\/#\\\/schema\\\/logo\\\/image\\\/\"},\"sameAs\":[\"https:\\\/\\\/www.facebook.com\\\/people\\\/Euronaval\\\/100063477820109\\\/\",\"https:\\\/\\\/x.com\\\/SalonEuronaval\",\"https:\\\/\\\/www.linkedin.com\\\/company\\\/euronaval\\\/\",\"https:\\\/\\\/www.youtube.com\\\/@euronaval8981\"]}]}<\/script>\n<!-- \/ Yoast SEO plugin. -->","yoast_head_json":{"title":"Euronaval 2024 - Mat\u00e9riel marketing","description":"Plongez dans l'innovation et l'excellence maritime ! Explorez les technologies et les solutions navales de pointe \u00e0 Euronaval 2024","robots":{"index":"index","follow":"follow","max-snippet":"max-snippet:-1","max-image-preview":"max-image-preview:large","max-video-preview":"max-video-preview:-1"},"canonical":"https:\/\/www.euronaval.com\/fr\/materiel-marketing\/","og_locale":"fr_FR","og_type":"article","og_title":"Euronaval 2024 - Mat\u00e9riel marketing","og_description":"Plongez dans l'innovation et l'excellence maritime ! Explorez les technologies et les solutions navales de pointe \u00e0 Euronaval 2024","og_url":"https:\/\/www.euronaval.com\/fr\/materiel-marketing\/","og_site_name":"Euronaval","article_publisher":"https:\/\/www.facebook.com\/people\/Euronaval\/100063477820109\/","article_modified_time":"2023-07-19T16:32:30+00:00","og_image":[{"url":"https:\/\/www.euronaval.fr\/wp-content\/uploads\/2023\/07\/euronaval-web-banner.jpg","type":"","width":"","height":""}],"twitter_card":"summary_large_image","twitter_site":"@SalonEuronaval","schema":{"@context":"https:\/\/schema.org","@graph":[{"@type":"WebPage","@id":"https:\/\/www.euronaval.com\/fr\/materiel-marketing\/","url":"https:\/\/www.euronaval.com\/fr\/materiel-marketing\/","name":"Euronaval 2024 - Mat\u00e9riel marketing","isPartOf":{"@id":"https:\/\/www.euronaval.com\/fr\/#website"},"primaryImageOfPage":{"@id":"https:\/\/www.euronaval.com\/fr\/materiel-marketing\/#primaryimage"},"image":{"@id":"https:\/\/www.euronaval.com\/fr\/materiel-marketing\/#primaryimage"},"thumbnailUrl":"https:\/\/www.euronaval.fr\/wp-content\/uploads\/2023\/07\/euronaval-web-banner.jpg","datePublished":"2023-07-07T15:32:04+00:00","dateModified":"2023-07-19T16:32:30+00:00","description":"Plongez dans l'innovation et l'excellence maritime ! Explorez les technologies et les solutions navales de pointe \u00e0 Euronaval 2024","breadcrumb":{"@id":"https:\/\/www.euronaval.com\/fr\/materiel-marketing\/#breadcrumb"},"inLanguage":"fr-FR","potentialAction":[{"@type":"ReadAction","target":["https:\/\/www.euronaval.com\/fr\/materiel-marketing\/"]}]},{"@type":"ImageObject","inLanguage":"fr-FR","@id":"https:\/\/www.euronaval.com\/fr\/materiel-marketing\/#primaryimage","url":"https:\/\/www.euronaval.fr\/wp-content\/uploads\/2023\/07\/euronaval-web-banner.jpg","contentUrl":"https:\/\/www.euronaval.fr\/wp-content\/uploads\/2023\/07\/euronaval-web-banner.jpg"},{"@type":"BreadcrumbList","@id":"https:\/\/www.euronaval.com\/fr\/materiel-marketing\/#breadcrumb","itemListElement":[{"@type":"ListItem","position":1,"name":"Accueil","item":"https:\/\/www.euronaval.com\/fr\/accueil\/"},{"@type":"ListItem","position":2,"name":"Mat\u00e9riel marketing"}]},{"@type":"WebSite","@id":"https:\/\/www.euronaval.com\/fr\/#website","url":"https:\/\/www.euronaval.com\/fr\/","name":"Euronaval","description":"The World Naval Defense Exhibition","publisher":{"@id":"https:\/\/www.euronaval.com\/fr\/#organization"},"potentialAction":[{"@type":"SearchAction","target":{"@type":"EntryPoint","urlTemplate":"https:\/\/www.euronaval.com\/fr\/?s={search_term_string}"},"query-input":{"@type":"PropertyValueSpecification","valueRequired":true,"valueName":"search_term_string"}}],"inLanguage":"fr-FR"},{"@type":"Organization","@id":"https:\/\/www.euronaval.com\/fr\/#organization","name":"Euronaval","url":"https:\/\/www.euronaval.com\/fr\/","logo":{"@type":"ImageObject","inLanguage":"fr-FR","@id":"https:\/\/www.euronaval.com\/fr\/#\/schema\/logo\/image\/","url":"https:\/\/www.euronaval.com\/wp-content\/uploads\/2023\/06\/cropped-logo-euronaval-1.png","contentUrl":"https:\/\/www.euronaval.com\/wp-content\/uploads\/2023\/06\/cropped-logo-euronaval-1.png","width":307,"height":29,"caption":"Euronaval"},"image":{"@id":"https:\/\/www.euronaval.com\/fr\/#\/schema\/logo\/image\/"},"sameAs":["https:\/\/www.facebook.com\/people\/Euronaval\/100063477820109\/","https:\/\/x.com\/SalonEuronaval","https:\/\/www.linkedin.com\/company\/euronaval\/","https:\/\/www.youtube.com\/@euronaval8981"]}]}},"_links":{"self":[{"href":"https:\/\/www.euronaval.com\/fr\/wp-json\/wp\/v2\/pages\/5815","targetHints":{"allow":["GET"]}}],"collection":[{"href":"https:\/\/www.euronaval.com\/fr\/wp-json\/wp\/v2\/pages"}],"about":[{"href":"https:\/\/www.euronaval.com\/fr\/wp-json\/wp\/v2\/types\/page"}],"author":[{"embeddable":true,"href":"https:\/\/www.euronaval.com\/fr\/wp-json\/wp\/v2\/users\/1"}],"replies":[{"embeddable":true,"href":"https:\/\/www.euronaval.com\/fr\/wp-json\/wp\/v2\/comments?post=5815"}],"version-history":[{"count":2,"href":"https:\/\/www.euronaval.com\/fr\/wp-json\/wp\/v2\/pages\/5815\/revisions"}],"predecessor-version":[{"id":7143,"href":"https:\/\/www.euronaval.com\/fr\/wp-json\/wp\/v2\/pages\/5815\/revisions\/7143"}],"wp:attachment":[{"href":"https:\/\/www.euronaval.com\/fr\/wp-json\/wp\/v2\/media?parent=5815"}],"curies":[{"name":"wp","href":"https:\/\/api.w.org\/{rel}","templated":true}]}}